{"id":8,"date":"2025-03-07T10:09:58","date_gmt":"2025-03-07T10:09:58","guid":{"rendered":"https:\/\/dev.cngute.com\/?page_id=8"},"modified":"2025-03-11T05:26:04","modified_gmt":"2025-03-11T05:26:04","slug":"home","status":"publish","type":"page","link":"https:\/\/www.cngute.com\/es\/","title":{"rendered":"Casa"},"content":{"rendered":"<div style=\"background-image:url(&apos;https:\/\/cngute.com\/wp-content\/uploads\/2025\/03\/Agriculture-quickcoupling.webp&apos;);background-position:50% 50%;background-size:cover;\" class=\"wp-block-group alignfull has-global-padding is-layout-constrained wp-block-group-is-layout-constrained has-background\">\n<div class=\"wp-block-group alignfull has-background has-global-padding is-layout-constrained wp-block-group-is-layout-constrained\" style=\"background-color:#1212128a;padding-top:var(--wp--preset--spacing--50);padding-bottom:var(--wp--preset--spacing--50)\">\n<div class=\"wp-block-columns alignwide are-vertically-aligned-center has-base-color has-text-color has-link-color wp-elements-d0fccbd24b34e4910ad65082c75eb212 is-layout-flex wp-container-core-columns-is-layout-701c2d95 wp-block-columns-is-layout-flex\" style=\"padding-top:var(--wp--preset--spacing--80);padding-bottom:var(--wp--preset--spacing--80)\">\n<div class=\"wp-block-column is-vertically-aligned-center is-layout-flow wp-block-column-is-layout-flow\">\n<figure class=\"wp-block-image size-full\"><img loading=\"lazy\" decoding=\"async\" width=\"400\" height=\"400\" src=\"https:\/\/cngute.com\/wp-content\/uploads\/2025\/03\/agri-coupling-sample.webp\" alt=\"agricultural quick couplings\" class=\"wp-image-34\" srcset=\"https:\/\/www.cngute.com\/wp-content\/uploads\/2025\/03\/agri-coupling-sample.webp 400w, https:\/\/www.cngute.com\/wp-content\/uploads\/2025\/03\/agri-coupling-sample-300x300.webp 300w, https:\/\/www.cngute.com\/wp-content\/uploads\/2025\/03\/agri-coupling-sample-150x150.webp 150w\" sizes=\"auto, (max-width: 400px) 100vw, 400px\" \/><\/figure>\n<\/div>\n\n\n\n<div class=\"wp-block-column is-vertically-aligned-center is-layout-flow wp-block-column-is-layout-flow\">\n<h1 class=\"wp-block-heading\"><strong>Ningbo Gute Hydraulic Co., Ltd. - Su socio de confianza para soluciones hidr\u00e1ulicas y neum\u00e1ticas<\/strong><\/h1>\n\n\n\n<h2 class=\"wp-block-heading\"><strong>Fabricante l\u00edder de acoplamientos r\u00e1pidos hidr\u00e1ulicos y componentes desde 1992<\/strong><\/h2>\n\n\n\n<p>Soluciones innovadoras para la ingenier\u00eda, la agricultura, la metalurgia, petr\u00f3leo y gas, construcci\u00f3n, y m\u00e1s.<\/p>\n\n\n\n<div class=\"wp-block-buttons is-layout-flex wp-block-buttons-is-layout-flex\">\n<div class=\"wp-block-button\"><a class=\"wp-block-button__link has-accent-3-background-color has-background wp-element-button\" href=\"https:\/\/www.cngute.com\/es\/our-products\/\" style=\"border-radius:5px\">Explore Nuestros Productos<\/a><\/div>\n\n\n\n<div class=\"wp-block-button\"><a class=\"wp-block-button__link has-accent-2-background-color has-background wp-element-button\" style=\"border-radius:5px\">Obtener un presupuesto<\/a><\/div>\n<\/div>\n<\/div>\n<\/div>\n<\/div>\n<\/div>\n\n\n\n<div class=\"wp-block-group alignfull is-style-default has-global-padding is-layout-constrained wp-block-group-is-layout-constrained\" style=\"padding-top:var(--wp--preset--spacing--80);padding-bottom:var(--wp--preset--spacing--80)\">\n<div class=\"wp-block-columns alignwide are-vertically-aligned-center is-layout-flex wp-container-core-columns-is-layout-28f84493 wp-block-columns-is-layout-flex\">\n<div class=\"wp-block-column is-vertically-aligned-center is-layout-flow wp-block-column-is-layout-flow\">\n<figure class=\"wp-block-image size-full has-custom-border is-style-default wp-duotone-unset-1\"><img loading=\"lazy\" decoding=\"async\" width=\"810\" height=\"694\" src=\"https:\/\/cngute.com\/wp-content\/uploads\/2025\/03\/about.webp\" alt=\"Ningbo Gute Hydraulic Co.,Ltd.\" class=\"wp-image-36\" style=\"border-top-right-radius:100px;border-bottom-left-radius:100px\" srcset=\"https:\/\/www.cngute.com\/wp-content\/uploads\/2025\/03\/about.webp 810w, https:\/\/www.cngute.com\/wp-content\/uploads\/2025\/03\/about-300x257.webp 300w, https:\/\/www.cngute.com\/wp-content\/uploads\/2025\/03\/about-768x658.webp 768w\" sizes=\"auto, (max-width: 810px) 100vw, 810px\" \/><\/figure>\n<\/div>\n\n\n\n<div class=\"wp-block-column is-vertically-aligned-center is-layout-flow wp-block-column-is-layout-flow\">\n<h2 class=\"wp-block-heading\">Acerca De Ningbo Gute Hydraulic Co., Ltd.<\/h2>\n\n\n\n<p>Con m\u00e1s de <strong>30 a\u00f1os de experiencia<\/strong>, <strong>Ningbo Gute Hidr\u00e1ulico Co., Ltd.<\/strong> es un fabricante l\u00edder de <strong>los acoplamientos r\u00e1pidos hidr\u00e1ulicos, neum\u00e1ticos, acoplamientos r\u00e1pidos y de alta presi\u00f3n, v\u00e1lvulas de bola<\/strong>. Fundada en 1992, nuestra sede se encuentra en <strong>Yuyao Simen Zona Industrial<\/strong>con un estado-of-the-art <strong>30,000m2 de instalaciones en Jiangxi<\/strong> dedicada a la fabricaci\u00f3n sostenible.<\/p>\n\n\n\n<p>Nuestros productos est\u00e1n dise\u00f1ados para <strong>de alto rendimiento, durabilidad y fiabilidad<\/strong>, sirviendo a las industrias, incluyendo:<br>\u2714 <strong>Agricultura Y Equipos Agr\u00edcolas<\/strong><br>\u2714 <strong>De La Construcci\u00f3n Y De La Ingenier\u00eda<\/strong><br>\u2714 <strong>Metalurgia Y Fabricaci\u00f3n De<\/strong><br>\u2714 <strong>Industria De Petr\u00f3leo Y Gas<\/strong><br>\u2714 <strong>Militar Y De Defensa<\/strong><\/p>\n\n\n\n<div class=\"wp-block-buttons is-layout-flex wp-block-buttons-is-layout-flex\">\n<div class=\"wp-block-button\"><a class=\"wp-block-button__link has-accent-3-background-color has-background wp-element-button\" href=\"https:\/\/www.cngute.com\/es\/about\/\" style=\"border-radius:5px\">Aprender M\u00e1s Acerca De Nosotros<\/a><\/div>\n<\/div>\n<\/div>\n<\/div>\n<\/div>\n\n\n\n<div class=\"wp-block-group alignfull is-style-section-1 has-global-padding is-layout-constrained wp-block-group-is-layout-constrained is-style-section-1--2\" style=\"padding-top:var(--wp--preset--spacing--80);padding-bottom:var(--wp--preset--spacing--80)\">\n<div class=\"wp-block-columns alignwide are-vertically-aligned-center is-layout-flex wp-container-core-columns-is-layout-28f84493 wp-block-columns-is-layout-flex\">\n<div class=\"wp-block-column is-vertically-aligned-center is-layout-flow wp-block-column-is-layout-flow\">\n<h2 class=\"wp-block-heading\">Premium Hidr\u00e1ulica &amp; Componentes Neum\u00e1ticos<\/h2>\n\n\n\n<p>Nos especializamos en la fabricaci\u00f3n de una amplia gama de <strong>de alta calidad de componentes hidr\u00e1ulicos y neum\u00e1ticos<\/strong>, incluyendo:<\/p>\n\n\n\n<p>\ud83d\udd39 <strong>Acoplamientos Hidr\u00e1ulicos R\u00e1pidos<\/strong> \u2013 ISO, ISO B, Cara Plana, de Alta Presi\u00f3n, y m\u00e1s<br>\ud83d\udd39 <strong>Neum\u00e1tico Acoplamientos R\u00e1pidos<\/strong> \u2013 Seguro, eficiente de aire y las conexiones de gas<br>\ud83d\udd39 <strong>De Alta Presi\u00f3n V\u00e1lvulas De Bola<\/strong> \u2013 Durable v\u00e1lvulas para aplicaciones exigentes<br>\ud83d\udd39 <strong>Hidr\u00e1ulico De Accesorios De Tuber\u00eda<\/strong> \u2013 A prueba de fugas y de ingenier\u00eda de precisi\u00f3n<\/p>\n\n\n\n<div class=\"wp-block-buttons is-layout-flex wp-block-buttons-is-layout-flex\">\n<div class=\"wp-block-button\"><a class=\"wp-block-button__link has-accent-3-background-color has-background wp-element-button\" href=\"https:\/\/www.cngute.com\/es\/our-products\/\" style=\"border-radius:5px\">Ver Todos Los Productos<\/a><\/div>\n<\/div>\n<\/div>\n\n\n\n<div class=\"wp-block-column is-vertically-aligned-center is-layout-flow wp-block-column-is-layout-flow\">\n<figure class=\"wp-block-image size-full has-custom-border is-style-default wp-duotone-unset-3\"><img loading=\"lazy\" decoding=\"async\" width=\"1304\" height=\"1654\" src=\"https:\/\/cngute.com\/wp-content\/uploads\/2025\/03\/quick-couplings.webp\" alt=\"\" class=\"wp-image-37\" style=\"border-top-left-radius:100px;border-bottom-right-radius:100px\" srcset=\"https:\/\/www.cngute.com\/wp-content\/uploads\/2025\/03\/quick-couplings.webp 1304w, https:\/\/www.cngute.com\/wp-content\/uploads\/2025\/03\/quick-couplings-237x300.webp 237w, https:\/\/www.cngute.com\/wp-content\/uploads\/2025\/03\/quick-couplings-807x1024.webp 807w, https:\/\/www.cngute.com\/wp-content\/uploads\/2025\/03\/quick-couplings-768x974.webp 768w, https:\/\/www.cngute.com\/wp-content\/uploads\/2025\/03\/quick-couplings-1211x1536.webp 1211w\" sizes=\"auto, (max-width: 1304px) 100vw, 1304px\" \/><\/figure>\n<\/div>\n<\/div>\n<\/div>\n\n\n\n<div class=\"wp-block-group alignfull is-style-default has-global-padding is-layout-constrained wp-block-group-is-layout-constrained\" style=\"margin-top:var(--wp--preset--spacing--80);margin-bottom:var(--wp--preset--spacing--80);padding-top:var(--wp--preset--spacing--80);padding-bottom:var(--wp--preset--spacing--80)\">\n<div class=\"wp-block-columns alignwide are-vertically-aligned-center is-layout-flex wp-container-core-columns-is-layout-28f84493 wp-block-columns-is-layout-flex\">\n<div class=\"wp-block-column is-layout-flow wp-block-column-is-layout-flow\">\n<div class=\"wp-block-cover has-base-color has-text-color has-link-color has-large-font-size wp-elements-0962cc72048bf7eb7b6834d22fa1cc84\" style=\"padding-top:var(--wp--preset--spacing--50);padding-right:var(--wp--preset--spacing--80);padding-bottom:var(--wp--preset--spacing--50);padding-left:var(--wp--preset--spacing--80)\"><span aria-hidden=\"true\" class=\"wp-block-cover__background has-contrast-background-color has-background-dim-60 has-background-dim\"><\/span><img loading=\"lazy\" decoding=\"async\" width=\"810\" height=\"538\" class=\"wp-block-cover__image-background wp-image-41\" alt=\"\" src=\"https:\/\/cngute.com\/wp-content\/uploads\/2025\/03\/solution1-1.webp\" data-object-fit=\"cover\" srcset=\"https:\/\/www.cngute.com\/wp-content\/uploads\/2025\/03\/solution1-1.webp 810w, https:\/\/www.cngute.com\/wp-content\/uploads\/2025\/03\/solution1-1-300x199.webp 300w, https:\/\/www.cngute.com\/wp-content\/uploads\/2025\/03\/solution1-1-768x510.webp 768w\" sizes=\"auto, (max-width: 810px) 100vw, 810px\" \/><div class=\"wp-block-cover__inner-container is-layout-flow wp-block-cover-is-layout-flow\">\n<p>Todos los Acoplamientos R\u00e1pidos pondr\u00e1n a prueba y la inspecci\u00f3n 100%<\/p>\n<\/div><\/div>\n<\/div>\n\n\n\n<div class=\"wp-block-column is-vertically-aligned-center is-layout-flow wp-block-column-is-layout-flow\">\n<h2 class=\"wp-block-heading\"><strong>Aseguramiento De La Calidad \u2013 100% Probados E Inspeccionados<\/strong><\/h2>\n\n\n\n<p>En Ningbo Gute Hidr\u00e1ulica, nos adherimos a <strong>estrictas normas de control de calidad<\/strong> para asegurar que cada acoplamiento r\u00e1pido cumple <strong>La certificaci\u00f3n ISO<\/strong> y los requerimientos de la industria. Cada producto se somete a <strong>100% de las pruebas y la inspecci\u00f3n<\/strong> antes del env\u00edo.<\/p>\n\n\n\n<h2 class=\"wp-block-heading\">\u00bfPor Qu\u00e9 Elegir Ningbo Gute Hidr\u00e1ulico?<\/h2>\n\n\n\n<p>\u2705 <strong>M\u00e1s de 30 A\u00f1os de Experiencia<\/strong> en Hidr\u00e1ulica &amp; Componentes Neum\u00e1ticos<br>\u2705 <strong>M\u00e1s De 1,000 Proyectos De \u00c9xito<\/strong> En todo el mundo<br>\u2705 <strong>Estricto Control De Calidad<\/strong> con la Industria de Pruebas Certificado<br>\u2705 <strong>Cadena De Suministro Global<\/strong> \u2013 Servir de China, Europa, estados UNIDOS, Jap\u00f3n y M\u00e1s<br>\u2705 <strong>OEM y de la Fabricaci\u00f3n por encargo<\/strong> \u2013 Soluciones A Medida Disponibles<\/p>\n\n\n\n<div class=\"wp-block-buttons is-layout-flex wp-block-buttons-is-layout-flex\">\n<div class=\"wp-block-button\"><a class=\"wp-block-button__link has-accent-2-background-color has-background wp-element-button\" style=\"border-radius:5px\">Obtener una Cotizaci\u00f3n Gratuita Hoy<\/a><\/div>\n<\/div>\n<\/div>\n<\/div>\n<\/div>\n\n\n\n<div class=\"wp-block-group alignfull is-style-section-1 has-global-padding is-layout-constrained wp-block-group-is-layout-constrained is-style-section-1--4\" style=\"padding-top:var(--wp--preset--spacing--80);padding-bottom:var(--wp--preset--spacing--80)\">\n<div class=\"wp-block-columns alignwide are-vertically-aligned-center is-layout-flex wp-container-core-columns-is-layout-28f84493 wp-block-columns-is-layout-flex\">\n<div class=\"wp-block-column is-vertically-aligned-center is-layout-flow wp-block-column-is-layout-flow\">\n<h2 class=\"wp-block-heading\">Las Industrias Que Servimos<\/h2>\n\n\n\n<p>Ofrecemos <strong>de alto rendimiento de los acoplamientos r\u00e1pidos<\/strong> y <strong>componentes hidr\u00e1ulicos<\/strong> para diversas industrias, asegurando <strong>eficiencia, seguridad y durabilidad<\/strong> en:<\/p>\n\n\n\n<p>\ud83d\ude9c <strong>Equipos Agr\u00edcolas<\/strong> \u2013 Tractores, Cosechadoras, Implementos Hidr\u00e1ulicos<br>\ud83c\udfd7 <strong>De La Construcci\u00f3n Y De La Ingenier\u00eda<\/strong> \u2013 Maquinaria Pesada, Excavadoras, Cargadoras<br>\u2699 <strong>Metalurgia Y Fabricaci\u00f3n De<\/strong> \u2013 Automatizaci\u00f3n Industrial, Equipos De F\u00e1brica<br>\ud83d\udee2 <strong>Petr\u00f3leo y gas<\/strong> \u2013 Aplicaciones De Alta Presi\u00f3n, Herramientas Hidr\u00e1ulicas<br>\ud83d\udee1 <strong>Militar Y De Defensa<\/strong> \u2013 Pesado-Deber De Los Sistemas Hidr\u00e1ulicos<\/p>\n\n\n\n<div class=\"wp-block-buttons is-layout-flex wp-block-buttons-is-layout-flex\">\n<div class=\"wp-block-button is-style-fill\"><a class=\"wp-block-button__link has-accent-3-background-color has-background wp-element-button\" style=\"border-radius:5px\">Ver Las Aplicaciones<\/a><\/div>\n<\/div>\n<\/div>\n\n\n\n<div class=\"wp-block-column is-layout-flow wp-block-column-is-layout-flow\">\n<figure class=\"wp-block-image size-full\"><img loading=\"lazy\" decoding=\"async\" width=\"1200\" height=\"1600\" src=\"https:\/\/cngute.com\/wp-content\/uploads\/2025\/03\/Gas-Transfer.jpg\" alt=\"Gas abd Oil industril Quick Couplings\" class=\"wp-image-46\" srcset=\"https:\/\/www.cngute.com\/wp-content\/uploads\/2025\/03\/Gas-Transfer.jpg 1200w, https:\/\/www.cngute.com\/wp-content\/uploads\/2025\/03\/Gas-Transfer-225x300.jpg 225w, https:\/\/www.cngute.com\/wp-content\/uploads\/2025\/03\/Gas-Transfer-768x1024.jpg 768w, https:\/\/www.cngute.com\/wp-content\/uploads\/2025\/03\/Gas-Transfer-1152x1536.jpg 1152w\" sizes=\"auto, (max-width: 1200px) 100vw, 1200px\" \/><\/figure>\n<\/div>\n<\/div>\n<\/div>\n\n\n\n<div class=\"wp-block-group alignfull is-style-default has-global-padding is-layout-constrained wp-block-group-is-layout-constrained\" style=\"margin-top:var(--wp--preset--spacing--80);margin-bottom:var(--wp--preset--spacing--80);padding-top:var(--wp--preset--spacing--80);padding-bottom:var(--wp--preset--spacing--80)\">\n<div class=\"wp-block-columns alignwide are-vertically-aligned-center is-layout-flex wp-container-core-columns-is-layout-28f84493 wp-block-columns-is-layout-flex\">\n<div class=\"wp-block-column is-layout-flow wp-block-column-is-layout-flow\">\n<h2 class=\"wp-block-heading has-text-align-center\">Lo Que Dicen Nuestros Clientes<\/h2>\n<\/div>\n<\/div>\n\n\n\n<div class=\"wp-block-columns alignwide is-layout-flex wp-container-core-columns-is-layout-28f84493 wp-block-columns-is-layout-flex\">\n<div class=\"wp-block-column is-layout-flow wp-block-column-is-layout-flow\">\n<blockquote class=\"wp-block-quote is-layout-flow wp-block-quote-is-layout-flow\">\n<p>\u2b50\u2b50\u2b50\u2b50\u2b50 <\/p>\n\n\n\n<p>&#034;Excelente la calidad del producto y la entrega r\u00e1pida!&#034; \u2013 John D., estados UNIDOS<\/p>\n<\/blockquote>\n<\/div>\n\n\n\n<div class=\"wp-block-column is-layout-flow wp-block-column-is-layout-flow\">\n<blockquote class=\"wp-block-quote is-layout-flow wp-block-quote-is-layout-flow\">\n<p>\u2b50\u2b50\u2b50\u2b50\u2b50 <\/p>\n\n\n\n<p>&#034;Fiable acoplamientos hidr\u00e1ulicos para nuestras necesidades de maquinaria.&#034; \u2013 Li Wei, China<\/p>\n<\/blockquote>\n<\/div>\n\n\n\n<div class=\"wp-block-column is-layout-flow wp-block-column-is-layout-flow\">\n<blockquote class=\"wp-block-quote is-layout-flow wp-block-quote-is-layout-flow\">\n<p>\u2b50\u2b50\u2b50\u2b50\u2b50 <\/p>\n\n\n\n<p>&#034;Excelente servicio al cliente y apoyo.&#034; \u2013 Marco R., Italia<\/p>\n<\/blockquote>\n<\/div>\n<\/div>\n<\/div>","protected":false},"excerpt":{"rendered":"<p>Ningbo Gute Hydraulic Co., Ltd. \u2013 Your Trusted Hydraulic &amp; Pneumatic Solutions Partner Leading Manufacturer of Hydraulic Quick Couplings &amp; Components Since 1992 Innovative solutions for engineering, agriculture, metallurgy, oil &amp; gas, construction, and more. About Ningbo Gute Hydraulic Co., Ltd. With over 30 years of expertise, Ningbo Gute Hydraulic Co., Ltd. is a leading [&hellip;]<\/p>\n","protected":false},"author":1,"featured_media":0,"parent":0,"menu_order":0,"comment_status":"closed","ping_status":"closed","template":"page-no-title","meta":{"footnotes":""},"class_list":["post-8","page","type-page","status-publish","hentry"],"yoast_head":"<!-- This site is optimized with the Yoast SEO plugin v25.5 - https:\/\/yoast.com\/wordpress\/plugins\/seo\/ -->\n<title>Hydraulic &amp; Pneumatic Quick Couplings Manufacturer | Ningbo Gute Hydraulic<\/title>\n<meta name=\"description\" content=\"Leading manufacturer of hydraulic quick couplings, pneumatic quick couplings, and high-pressure ball valves. Over 30 years of expertise in engineering, agriculture, oil &amp; gas, and more. OEM &amp; custom solutions available.\" \/>\n<meta name=\"robots\" content=\"index, follow, max-snippet:-1, max-image-preview:large, max-video-preview:-1\" \/>\n<link rel=\"canonical\" href=\"https:\/\/www.cngute.com\/es\/\" \/>\n<meta property=\"og:locale\" content=\"es_ES\" \/>\n<meta property=\"og:type\" content=\"article\" \/>\n<meta property=\"og:title\" content=\"Hydraulic &amp; Pneumatic Quick Couplings Manufacturer | Ningbo Gute Hydraulic\" \/>\n<meta property=\"og:description\" content=\"Leading manufacturer of hydraulic quick couplings, pneumatic quick couplings, and high-pressure ball valves. Over 30 years of expertise in engineering, agriculture, oil &amp; gas, and more. OEM &amp; custom solutions available.\" \/>\n<meta property=\"og:url\" content=\"https:\/\/www.cngute.com\/es\/\" \/>\n<meta property=\"og:site_name\" content=\"Ningbo Gute Hydraulic Co.,Ltd.\" \/>\n<meta property=\"article:modified_time\" content=\"2025-03-11T05:26:04+00:00\" \/>\n<meta property=\"og:image\" content=\"https:\/\/www.cngute.com\/wp-content\/uploads\/2025\/03\/agri-coupling-sample.webp\" \/>\n\t<meta property=\"og:image:width\" content=\"400\" \/>\n\t<meta property=\"og:image:height\" content=\"400\" \/>\n\t<meta property=\"og:image:type\" content=\"image\/webp\" \/>\n<meta name=\"twitter:card\" content=\"summary_large_image\" \/>\n<meta name=\"twitter:label1\" content=\"Tiempo de lectura\" \/>\n\t<meta name=\"twitter:data1\" content=\"3 minutos\" \/>\n<script type=\"application\/ld+json\" class=\"yoast-schema-graph\">{\"@context\":\"https:\/\/schema.org\",\"@graph\":[{\"@type\":\"WebPage\",\"@id\":\"https:\/\/www.cngute.com\/\",\"url\":\"https:\/\/www.cngute.com\/\",\"name\":\"Hydraulic & Pneumatic Quick Couplings Manufacturer | Ningbo Gute Hydraulic\",\"isPartOf\":{\"@id\":\"https:\/\/www.cngute.com\/#website\"},\"primaryImageOfPage\":{\"@id\":\"https:\/\/www.cngute.com\/#primaryimage\"},\"image\":{\"@id\":\"https:\/\/www.cngute.com\/#primaryimage\"},\"thumbnailUrl\":\"https:\/\/cngute.com\/wp-content\/uploads\/2025\/03\/agri-coupling-sample.webp\",\"datePublished\":\"2025-03-07T10:09:58+00:00\",\"dateModified\":\"2025-03-11T05:26:04+00:00\",\"description\":\"Leading manufacturer of hydraulic quick couplings, pneumatic quick couplings, and high-pressure ball valves. Over 30 years of expertise in engineering, agriculture, oil & gas, and more. OEM & custom solutions available.\",\"breadcrumb\":{\"@id\":\"https:\/\/www.cngute.com\/#breadcrumb\"},\"inLanguage\":\"es\",\"potentialAction\":[{\"@type\":\"ReadAction\",\"target\":[\"https:\/\/www.cngute.com\/\"]}]},{\"@type\":\"ImageObject\",\"inLanguage\":\"es\",\"@id\":\"https:\/\/www.cngute.com\/#primaryimage\",\"url\":\"https:\/\/cngute.com\/wp-content\/uploads\/2025\/03\/agri-coupling-sample.webp\",\"contentUrl\":\"https:\/\/cngute.com\/wp-content\/uploads\/2025\/03\/agri-coupling-sample.webp\"},{\"@type\":\"BreadcrumbList\",\"@id\":\"https:\/\/www.cngute.com\/#breadcrumb\",\"itemListElement\":[{\"@type\":\"ListItem\",\"position\":1,\"name\":\"Home\",\"item\":\"https:\/\/www.cngute.com\/\"},{\"@type\":\"ListItem\",\"position\":2,\"name\":\"Home\"}]},{\"@type\":\"WebSite\",\"@id\":\"https:\/\/www.cngute.com\/#website\",\"url\":\"https:\/\/www.cngute.com\/\",\"name\":\"Ningbo Gute Hydraulic Co.,Ltd.\",\"description\":\"A leading Manufacturer of quick release couplings\",\"publisher\":{\"@id\":\"https:\/\/www.cngute.com\/#organization\"},\"potentialAction\":[{\"@type\":\"SearchAction\",\"target\":{\"@type\":\"EntryPoint\",\"urlTemplate\":\"https:\/\/www.cngute.com\/?s={search_term_string}\"},\"query-input\":{\"@type\":\"PropertyValueSpecification\",\"valueRequired\":true,\"valueName\":\"search_term_string\"}}],\"inLanguage\":\"es\"},{\"@type\":\"Organization\",\"@id\":\"https:\/\/www.cngute.com\/#organization\",\"name\":\"Ningbo Gute Hydraulic Co.,Ltd.\",\"url\":\"https:\/\/www.cngute.com\/\",\"logo\":{\"@type\":\"ImageObject\",\"inLanguage\":\"es\",\"@id\":\"https:\/\/www.cngute.com\/#\/schema\/logo\/image\/\",\"url\":\"https:\/\/www.cngute.com\/wp-content\/uploads\/2025\/03\/gute-logo.webp\",\"contentUrl\":\"https:\/\/www.cngute.com\/wp-content\/uploads\/2025\/03\/gute-logo.webp\",\"width\":96,\"height\":84,\"caption\":\"Ningbo Gute Hydraulic Co.,Ltd.\"},\"image\":{\"@id\":\"https:\/\/www.cngute.com\/#\/schema\/logo\/image\/\"}}]}<\/script>\n<!-- \/ Yoast SEO plugin. -->","yoast_head_json":{"title":"Hydraulic & Pneumatic Quick Couplings Manufacturer | Ningbo Gute Hydraulic","description":"Leading manufacturer of hydraulic quick couplings, pneumatic quick couplings, and high-pressure ball valves. Over 30 years of expertise in engineering, agriculture, oil & gas, and more. OEM & custom solutions available.","robots":{"index":"index","follow":"follow","max-snippet":"max-snippet:-1","max-image-preview":"max-image-preview:large","max-video-preview":"max-video-preview:-1"},"canonical":"https:\/\/www.cngute.com\/es\/","og_locale":"es_ES","og_type":"article","og_title":"Hydraulic & Pneumatic Quick Couplings Manufacturer | Ningbo Gute Hydraulic","og_description":"Leading manufacturer of hydraulic quick couplings, pneumatic quick couplings, and high-pressure ball valves. Over 30 years of expertise in engineering, agriculture, oil & gas, and more. OEM & custom solutions available.","og_url":"https:\/\/www.cngute.com\/es\/","og_site_name":"Ningbo Gute Hydraulic Co.,Ltd.","article_modified_time":"2025-03-11T05:26:04+00:00","og_image":[{"width":400,"height":400,"url":"https:\/\/www.cngute.com\/wp-content\/uploads\/2025\/03\/agri-coupling-sample.webp","type":"image\/webp"}],"twitter_card":"summary_large_image","twitter_misc":{"Tiempo de lectura":"3 minutos"},"schema":{"@context":"https:\/\/schema.org","@graph":[{"@type":"WebPage","@id":"https:\/\/www.cngute.com\/","url":"https:\/\/www.cngute.com\/","name":"Hydraulic & Pneumatic Quick Couplings Manufacturer | Ningbo Gute Hydraulic","isPartOf":{"@id":"https:\/\/www.cngute.com\/#website"},"primaryImageOfPage":{"@id":"https:\/\/www.cngute.com\/#primaryimage"},"image":{"@id":"https:\/\/www.cngute.com\/#primaryimage"},"thumbnailUrl":"https:\/\/cngute.com\/wp-content\/uploads\/2025\/03\/agri-coupling-sample.webp","datePublished":"2025-03-07T10:09:58+00:00","dateModified":"2025-03-11T05:26:04+00:00","description":"Leading manufacturer of hydraulic quick couplings, pneumatic quick couplings, and high-pressure ball valves. Over 30 years of expertise in engineering, agriculture, oil & gas, and more. OEM & custom solutions available.","breadcrumb":{"@id":"https:\/\/www.cngute.com\/#breadcrumb"},"inLanguage":"es","potentialAction":[{"@type":"ReadAction","target":["https:\/\/www.cngute.com\/"]}]},{"@type":"ImageObject","inLanguage":"es","@id":"https:\/\/www.cngute.com\/#primaryimage","url":"https:\/\/cngute.com\/wp-content\/uploads\/2025\/03\/agri-coupling-sample.webp","contentUrl":"https:\/\/cngute.com\/wp-content\/uploads\/2025\/03\/agri-coupling-sample.webp"},{"@type":"BreadcrumbList","@id":"https:\/\/www.cngute.com\/#breadcrumb","itemListElement":[{"@type":"ListItem","position":1,"name":"Home","item":"https:\/\/www.cngute.com\/"},{"@type":"ListItem","position":2,"name":"Home"}]},{"@type":"WebSite","@id":"https:\/\/www.cngute.com\/#website","url":"https:\/\/www.cngute.com\/","name":"Ningbo Gute Hidr\u00e1ulico Co.,Ltd.","description":"A leading Manufacturer of quick release couplings","publisher":{"@id":"https:\/\/www.cngute.com\/#organization"},"potentialAction":[{"@type":"SearchAction","target":{"@type":"EntryPoint","urlTemplate":"https:\/\/www.cngute.com\/?s={search_term_string}"},"query-input":{"@type":"PropertyValueSpecification","valueRequired":true,"valueName":"search_term_string"}}],"inLanguage":"es"},{"@type":"Organization","@id":"https:\/\/www.cngute.com\/#organization","name":"Ningbo Gute Hidr\u00e1ulico Co.,Ltd.","url":"https:\/\/www.cngute.com\/","logo":{"@type":"ImageObject","inLanguage":"es","@id":"https:\/\/www.cngute.com\/#\/schema\/logo\/image\/","url":"https:\/\/www.cngute.com\/wp-content\/uploads\/2025\/03\/gute-logo.webp","contentUrl":"https:\/\/www.cngute.com\/wp-content\/uploads\/2025\/03\/gute-logo.webp","width":96,"height":84,"caption":"Ningbo Gute Hydraulic Co.,Ltd."},"image":{"@id":"https:\/\/www.cngute.com\/#\/schema\/logo\/image\/"}}]}},"_links":{"self":[{"href":"https:\/\/www.cngute.com\/es\/wp-json\/wp\/v2\/pages\/8","targetHints":{"allow":["GET"]}}],"collection":[{"href":"https:\/\/www.cngute.com\/es\/wp-json\/wp\/v2\/pages"}],"about":[{"href":"https:\/\/www.cngute.com\/es\/wp-json\/wp\/v2\/types\/page"}],"author":[{"embeddable":true,"href":"https:\/\/www.cngute.com\/es\/wp-json\/wp\/v2\/users\/1"}],"replies":[{"embeddable":true,"href":"https:\/\/www.cngute.com\/es\/wp-json\/wp\/v2\/comments?post=8"}],"version-history":[{"count":10,"href":"https:\/\/www.cngute.com\/es\/wp-json\/wp\/v2\/pages\/8\/revisions"}],"predecessor-version":[{"id":321,"href":"https:\/\/www.cngute.com\/es\/wp-json\/wp\/v2\/pages\/8\/revisions\/321"}],"wp:attachment":[{"href":"https:\/\/www.cngute.com\/es\/wp-json\/wp\/v2\/media?parent=8"}],"curies":[{"name":"wp","href":"https:\/\/api.w.org\/{rel}","templated":true}]}}