{"id":145,"date":"2025-03-07T14:10:00","date_gmt":"2025-03-07T14:10:00","guid":{"rendered":"https:\/\/dev.cngute.com\/product\/gt-a2-series-iso-a-quick-couplings-male-thread\/"},"modified":"2025-03-08T06:02:03","modified_gmt":"2025-03-08T06:02:03","slug":"gt-a2-series-iso-a-quick-couplings-male-thread","status":"publish","type":"product","link":"https:\/\/www.cngute.com\/es\/producto\/gt-a2-series-iso-a-quick-couplings-male-thread\/","title":{"rendered":"Acoplamientos r\u00e1pidos ISO A Serie GT-A2 Rosca macho"},"content":{"rendered":"<h2 data-start=\"403\" data-end=\"463\"><strong data-start=\"407\" data-end=\"461\">GT-Serie A2 \u2013 ISO UNA Acoplamientos R\u00e1pidos (Rosca Macho)<\/strong><\/h2>\n<h3 data-start=\"465\" data-end=\"488\"><strong data-start=\"470\" data-end=\"486\">Descripci\u00f3n:<\/strong><\/h3>\n<p data-start=\"489\" data-end=\"824\">El <strong data-start=\"493\" data-end=\"548\">GT-A2 de la Serie ISO UN Acoplamientos R\u00e1pidos con Rosca Macho<\/strong> est\u00e1n dise\u00f1ados para <strong data-start=\"566\" data-end=\"612\">eficiente y segura las conexiones hidr\u00e1ulicas<\/strong> en aplicaciones de alta presi\u00f3n. Construido para satisfacer las <strong data-start=\"662\" data-end=\"697\">ISO 7241:2023 Serie Est\u00e1ndar<\/strong>estos acoplamientos asegurar <strong data-start=\"722\" data-end=\"757\">compatibilidad con las principales marcas<\/strong> mientras que la entrega de <strong data-start=\"775\" data-end=\"821\">excepcional durabilidad y resistencia a las fugas<\/strong>.<\/p>\n<p data-start=\"826\" data-end=\"1203\">Hecho de <strong data-start=\"836\" data-end=\"882\">de acero endurecido con tratamiento anti-corrosi\u00f3n de la galjanoplastia<\/strong>el GT-A2 Serie proporciona <strong data-start=\"910\" data-end=\"938\">rendimiento de larga duraci\u00f3n<\/strong> en ambientes de trabajo agresivos. El <strong data-start=\"974\" data-end=\"1018\">v\u00e1lvula de disco de dise\u00f1o minimiza la p\u00e9rdida de l\u00edquidos<\/strong>, mientras que el <strong data-start=\"1030\" data-end=\"1079\">bola mecanismo de bloqueo garantiza el compromiso<\/strong>. Estos acopladores est\u00e1n disponibles con <strong data-start=\"1115\" data-end=\"1157\">NPT, G, BSPT, y ORFS rosca macho<\/strong> para adaptarse a los diferentes sistemas hidr\u00e1ulicos.<\/p>\n<h2 data-start=\"1210\" data-end=\"1233\"><strong data-start=\"1214\" data-end=\"1231\">Caracter\u00edsticas Clave:<\/strong><\/h2>\n<p data-start=\"1234\" data-end=\"1717\">\u2705 <strong data-start=\"1236\" data-end=\"1282\">ISO 7241:2023 Serie de Cumplimiento de la Norma<\/strong> \u2013 Asegura la plena compatibilidad con las principales marcas del mercado.<br data-start=\"1337\" data-end=\"1340\" \/>\u2705 <strong data-start=\"1342\" data-end=\"1368\">Rosca Macho Conexi\u00f3n<\/strong> \u2013 Proporciona un seguro y libre de fugas de ajuste.<br data-start=\"1407\" data-end=\"1410\" \/>\u2705 <strong data-start=\"1412\" data-end=\"1436\">Construcci\u00f3n Duradera<\/strong> \u2013 Cuerpo de acero endurecido con cromado resistente a la corrosi\u00f3n.<br data-start=\"1492\" data-end=\"1495\" \/>\u2705 <strong data-start=\"1497\" data-end=\"1520\">V\u00e1lvula De Disco De Dise\u00f1o<\/strong> \u2013 Evita la p\u00e9rdida de l\u00edquidos y la contaminaci\u00f3n.<br data-start=\"1561\" data-end=\"1564\" \/>\u2705 <strong data-start=\"1566\" data-end=\"1595\">Empujar-a-Conecta la Operaci\u00f3n<\/strong> \u2013 Permite una r\u00e1pida y f\u00e1cil acoplamiento.<br data-start=\"1636\" data-end=\"1639\" \/>\u2705 <strong data-start=\"1641\" data-end=\"1670\">De Alta Presi\u00f3n De Rendimiento<\/strong> \u2013 Dise\u00f1ado para trabajo pesado de los sistemas hidr\u00e1ulicos.<\/p>\n<h2 data-start=\"1724\" data-end=\"1749\"><strong data-start=\"1728\" data-end=\"1747\">Especificaciones:<\/strong><\/h2>\n<ul data-start=\"1750\" data-end=\"2207\">\n<li data-start=\"1750\" data-end=\"1790\"><strong data-start=\"1752\" data-end=\"1765\">Est\u00e1ndar:<\/strong> ISO 7241:2023 Serie a<\/li>\n<li data-start=\"1791\" data-end=\"1837\"><strong data-start=\"1793\" data-end=\"1808\">Los Tama\u00f1os De Cuerpo:<\/strong> 1\/4&#8243;, 3\/8&#8243;, 1\/2&#8243;, 3\/4&#8243;, 1&#8243;<\/li>\n<li data-start=\"1838\" data-end=\"1890\"><strong data-start=\"1840\" data-end=\"1859\">Hilo Opciones:<\/strong> NPT, G, BSPT, ORFS (Macho)<\/li>\n<li data-start=\"1891\" data-end=\"1952\"><strong data-start=\"1893\" data-end=\"1914\">Presi\u00f3n De Trabajo:<\/strong> Hasta <strong data-start=\"1921\" data-end=\"1950\">5000 PSI (var\u00eda seg\u00fan el tama\u00f1o)<\/strong><\/li>\n<li data-start=\"1953\" data-end=\"2012\"><strong data-start=\"1955\" data-end=\"1968\">Material:<\/strong> Acero endurecido (Acero Inoxidable opcional)<\/li>\n<li data-start=\"2013\" data-end=\"2087\"><strong data-start=\"2015\" data-end=\"2033\">Material Del Sello:<\/strong> Nitrilo (NBR), Viton (FPM) para alta temperatura de uso<\/li>\n<li data-start=\"2088\" data-end=\"2147\"><strong data-start=\"2090\" data-end=\"2112\">Rango De Temperatura:<\/strong> -20\u00b0C a +120\u00b0C (-4\u00b0F a +248\u00b0F)<\/li>\n<li data-start=\"2148\" data-end=\"2207\"><strong data-start=\"2150\" data-end=\"2164\">Tasa De Flujo:<\/strong> Optimizado para el fluido hidr\u00e1ulico de la eficiencia<\/li>\n<\/ul>\n<h2 data-start=\"2214\" data-end=\"2237\"><strong data-start=\"2218\" data-end=\"2235\">Aplicaciones:<\/strong><\/h2>\n<p data-start=\"2238\" data-end=\"2588\">\ud83d\udd39 <strong data-start=\"2241\" data-end=\"2267\">Maquinaria Agr\u00edcola<\/strong> \u2013 Tractores, pulverizadoras, cosechadoras<br data-start=\"2300\" data-end=\"2303\" \/>\ud83d\udd39 <strong data-start=\"2306\" data-end=\"2332\">El Equipo De Construcci\u00f3n<\/strong> \u2013 Excavadoras, minicargadoras, retroexcavadoras<br data-start=\"2368\" data-end=\"2371\" \/>\ud83d\udd39 <strong data-start=\"2374\" data-end=\"2399\">Hidr\u00e1ulica Industrial<\/strong> \u2013 Prensas hidr\u00e1ulicas, sistemas de automatizaci\u00f3n<br data-start=\"2439\" data-end=\"2442\" \/>\ud83d\udd39 <strong data-start=\"2445\" data-end=\"2465\">Sector De Oil &amp; Gas<\/strong> \u2013 Herramientas hidr\u00e1ulicas, equipos de perforaci\u00f3n offshore<br data-start=\"2512\" data-end=\"2515\" \/>\ud83d\udd39 <strong data-start=\"2518\" data-end=\"2550\">Silvicultura Y Manejo De Material<\/strong> \u2013 Divisores de registro, carretillas elevadoras, palas cargadoras<\/p>\n<h2 data-start=\"2595\" data-end=\"2624\"><strong data-start=\"2599\" data-end=\"2622\">Intercambiabilidad:<\/strong><\/h2>\n<p data-start=\"2625\" data-end=\"2888\">El GT-A2 Serie de acoplamientos <strong data-start=\"2656\" data-end=\"2681\">totalmente intercambiables<\/strong> con otros <strong data-start=\"2693\" data-end=\"2719\">ISO 7241:2023 Serie a<\/strong> acopladores r\u00e1pidos, incluyendo:<br data-start=\"2746\" data-end=\"2749\" \/>\u2714 <strong data-start=\"2751\" data-end=\"2773\">Parker 6600<\/strong><br data-start=\"2773\" data-end=\"2776\" \/>\u2714 <strong data-start=\"2778\" data-end=\"2808\">Eaton Aeroquip Serie 5600<\/strong><br data-start=\"2808\" data-end=\"2811\" \/>\u2714 <strong data-start=\"2813\" data-end=\"2834\">Faster ANV de la Serie<\/strong><br data-start=\"2834\" data-end=\"2837\" \/>\u2714 <strong data-start=\"2839\" data-end=\"2861\">Safeway S56 De La Serie<\/strong><br data-start=\"2861\" data-end=\"2864\" \/>\u2714 <strong data-start=\"2866\" data-end=\"2886\">Stucchi Una Serie<\/strong><\/p>\n<h2 data-start=\"2895\" data-end=\"2929\"><strong data-start=\"2899\" data-end=\"2927\">\u00bfPor qu\u00e9 Elegir GT-A2 de la Serie?<\/strong><\/h2>\n<p data-start=\"2930\" data-end=\"3203\">\ud83d\udd39 <strong data-start=\"2933\" data-end=\"2983\">Cumple con la ISO 7241:2023 Serie Est\u00e1ndar<\/strong><br data-start=\"2983\" data-end=\"2986\" \/>\ud83d\udd39 <strong data-start=\"2989\" data-end=\"3039\">Fiable Rosca Macho Conexi\u00f3n para un Ajuste Seguro<\/strong><br data-start=\"3039\" data-end=\"3042\" \/>\ud83d\udd39 <strong data-start=\"3045\" data-end=\"3094\">Libre de fugas de Rendimiento con Alta Sellos de Calidad<\/strong><br data-start=\"3094\" data-end=\"3097\" \/>\ud83d\udd39 <strong data-start=\"3100\" data-end=\"3142\">Materiales de alta resistencia para el Uso a Largo Plazo<\/strong><br data-start=\"3142\" data-end=\"3145\" \/>\ud83d\udd39 <strong data-start=\"3148\" data-end=\"3201\">R\u00e1pido y de F\u00e1cil manejo para el Aumento de la Eficiencia<\/strong><\/p>\n<p data-start=\"3205\" data-end=\"3367\">Para superior <strong data-start=\"3218\" data-end=\"3260\">ISO UN acoplamientos r\u00e1pidos con rosca macho<\/strong>, conf\u00eda en el <strong data-start=\"3272\" data-end=\"3288\">GT-Serie A2<\/strong> \u2013 dise\u00f1ado para <strong data-start=\"3304\" data-end=\"3364\">rendimiento, durabilidad y una perfecta intercambiabilidad<\/strong>.<\/p>\n<p data-start=\"3369\" data-end=\"3427\">\ud83d\udce9 <strong data-start=\"3372\" data-end=\"3425\">P\u00f3ngase en contacto con nosotros hoy para una cotizaci\u00f3n o m\u00e1s informaci\u00f3n!<\/strong><\/p>","protected":false},"excerpt":{"rendered":"<p>El <strong data-start=\"33\" data-end=\"88\">GT-A2 de la Serie ISO UN Acoplamientos R\u00e1pidos con Rosca Macho<\/strong> are engineered to meet the <strong data-start=\"116\" data-end=\"151\">ISO 7241:2023 Serie Est\u00e1ndar<\/strong>, ensuring reliable, leak-free hydraulic connections. Featuring a <strong data-start=\"217\" data-end=\"303\">durable construction, high-pressure resistance, and easy push-to-connect operation<\/strong>, these couplings are ideal for <strong data-start=\"335\" data-end=\"393\">agriculture, construction, and industrial applications<\/strong>.<\/p>","protected":false},"featured_media":121,"template":"","meta":[],"product_brand":[],"product_cat":[20,19],"product_tag":[],"class_list":{"0":"post-145","1":"product","2":"type-product","3":"status-publish","4":"has-post-thumbnail","6":"product_cat-hydraulic-quick-couplings","7":"product_cat-quick-couplings","9":"first","10":"instock","11":"shipping-taxable","12":"product-type-simple"},"yoast_head":"<!-- This site is optimized with the Yoast SEO plugin v25.5 - https:\/\/yoast.com\/wordpress\/plugins\/seo\/ -->\n<title>Male Thread ISO A Couplings | GT-A2 | Industrial &amp; Ag | Gute<\/title>\n<meta name=\"description\" content=\"GT-A2 ISO A Male Thread Quick Couplings: ISO 7241:2023 compliant. Durable, leak-free, push-to-connect. Ideal for industrial, ag, &amp; construction. Quote!\" \/>\n<meta name=\"robots\" content=\"index, follow, max-snippet:-1, max-image-preview:large, max-video-preview:-1\" \/>\n<link rel=\"canonical\" href=\"https:\/\/www.cngute.com\/es\/producto\/gt-a2-series-iso-a-quick-couplings-male-thread\/\" \/>\n<meta property=\"og:locale\" content=\"es_ES\" \/>\n<meta property=\"og:type\" content=\"article\" \/>\n<meta property=\"og:title\" content=\"Male Thread ISO A Couplings | GT-A2 | Industrial &amp; Ag | Gute\" \/>\n<meta property=\"og:description\" content=\"GT-A2 ISO A Male Thread Quick Couplings: ISO 7241:2023 compliant. Durable, leak-free, push-to-connect. Ideal for industrial, ag, &amp; construction. Quote!\" \/>\n<meta property=\"og:url\" content=\"https:\/\/www.cngute.com\/es\/producto\/gt-a2-series-iso-a-quick-couplings-male-thread\/\" \/>\n<meta property=\"og:site_name\" content=\"Ningbo Gute Hydraulic Co.,Ltd.\" \/>\n<meta property=\"article:modified_time\" content=\"2025-03-08T06:02:03+00:00\" \/>\n<meta property=\"og:image\" content=\"https:\/\/www.cngute.com\/wp-content\/uploads\/2025\/03\/gta2.webp\" \/>\n\t<meta property=\"og:image:width\" content=\"800\" \/>\n\t<meta property=\"og:image:height\" content=\"800\" \/>\n\t<meta property=\"og:image:type\" content=\"image\/webp\" \/>\n<meta name=\"twitter:card\" content=\"summary_large_image\" \/>\n<meta name=\"twitter:label1\" content=\"Tiempo de lectura\" \/>\n\t<meta name=\"twitter:data1\" content=\"2 minutos\" \/>\n<script type=\"application\/ld+json\" class=\"yoast-schema-graph\">{\"@context\":\"https:\/\/schema.org\",\"@graph\":[{\"@type\":\"WebPage\",\"@id\":\"https:\/\/www.cngute.com\/es\/producto\/gt-a2-series-iso-a-quick-couplings-male-thread\/\",\"url\":\"https:\/\/www.cngute.com\/es\/producto\/gt-a2-series-iso-a-quick-couplings-male-thread\/\",\"name\":\"Male Thread ISO A Couplings | GT-A2 | Industrial & Ag | Gute\",\"isPartOf\":{\"@id\":\"https:\/\/www.cngute.com\/#website\"},\"primaryImageOfPage\":{\"@id\":\"https:\/\/www.cngute.com\/es\/producto\/gt-a2-series-iso-a-quick-couplings-male-thread\/#primaryimage\"},\"image\":{\"@id\":\"https:\/\/www.cngute.com\/es\/producto\/gt-a2-series-iso-a-quick-couplings-male-thread\/#primaryimage\"},\"thumbnailUrl\":\"https:\/\/www.cngute.com\/wp-content\/uploads\/2025\/03\/gta2.webp\",\"datePublished\":\"2025-03-07T14:10:00+00:00\",\"dateModified\":\"2025-03-08T06:02:03+00:00\",\"description\":\"GT-A2 ISO A Male Thread Quick Couplings: ISO 7241:2023 compliant. Durable, leak-free, push-to-connect. Ideal for industrial, ag, & construction. Quote!\",\"breadcrumb\":{\"@id\":\"https:\/\/www.cngute.com\/es\/producto\/gt-a2-series-iso-a-quick-couplings-male-thread\/#breadcrumb\"},\"inLanguage\":\"es\",\"potentialAction\":[{\"@type\":\"ReadAction\",\"target\":[\"https:\/\/www.cngute.com\/es\/producto\/gt-a2-series-iso-a-quick-couplings-male-thread\/\"]}]},{\"@type\":\"ImageObject\",\"inLanguage\":\"es\",\"@id\":\"https:\/\/www.cngute.com\/es\/producto\/gt-a2-series-iso-a-quick-couplings-male-thread\/#primaryimage\",\"url\":\"https:\/\/www.cngute.com\/wp-content\/uploads\/2025\/03\/gta2.webp\",\"contentUrl\":\"https:\/\/www.cngute.com\/wp-content\/uploads\/2025\/03\/gta2.webp\",\"width\":800,\"height\":800},{\"@type\":\"BreadcrumbList\",\"@id\":\"https:\/\/www.cngute.com\/es\/producto\/gt-a2-series-iso-a-quick-couplings-male-thread\/#breadcrumb\",\"itemListElement\":[{\"@type\":\"ListItem\",\"position\":1,\"name\":\"Home\",\"item\":\"https:\/\/www.cngute.com\/\"},{\"@type\":\"ListItem\",\"position\":2,\"name\":\"Our Products\",\"item\":\"https:\/\/www.cngute.com\/es\/our-products\/\"},{\"@type\":\"ListItem\",\"position\":3,\"name\":\"GT-A2 Series ISO A Quick Couplings Male Thread\"}]},{\"@type\":\"WebSite\",\"@id\":\"https:\/\/www.cngute.com\/#website\",\"url\":\"https:\/\/www.cngute.com\/\",\"name\":\"Ningbo Gute Hydraulic Co.,Ltd.\",\"description\":\"A leading Manufacturer of quick release couplings\",\"publisher\":{\"@id\":\"https:\/\/www.cngute.com\/#organization\"},\"potentialAction\":[{\"@type\":\"SearchAction\",\"target\":{\"@type\":\"EntryPoint\",\"urlTemplate\":\"https:\/\/www.cngute.com\/?s={search_term_string}\"},\"query-input\":{\"@type\":\"PropertyValueSpecification\",\"valueRequired\":true,\"valueName\":\"search_term_string\"}}],\"inLanguage\":\"es\"},{\"@type\":\"Organization\",\"@id\":\"https:\/\/www.cngute.com\/#organization\",\"name\":\"Ningbo Gute Hydraulic Co.,Ltd.\",\"url\":\"https:\/\/www.cngute.com\/\",\"logo\":{\"@type\":\"ImageObject\",\"inLanguage\":\"es\",\"@id\":\"https:\/\/www.cngute.com\/#\/schema\/logo\/image\/\",\"url\":\"https:\/\/www.cngute.com\/wp-content\/uploads\/2025\/03\/gute-logo.webp\",\"contentUrl\":\"https:\/\/www.cngute.com\/wp-content\/uploads\/2025\/03\/gute-logo.webp\",\"width\":96,\"height\":84,\"caption\":\"Ningbo Gute Hydraulic Co.,Ltd.\"},\"image\":{\"@id\":\"https:\/\/www.cngute.com\/#\/schema\/logo\/image\/\"}}]}<\/script>\n<!-- \/ Yoast SEO plugin. -->","yoast_head_json":{"title":"Male Thread ISO A Couplings | GT-A2 | Industrial & Ag | Gute","description":"GT-A2 ISO A Male Thread Quick Couplings: ISO 7241:2023 compliant. Durable, leak-free, push-to-connect. Ideal for industrial, ag, & construction. Quote!","robots":{"index":"index","follow":"follow","max-snippet":"max-snippet:-1","max-image-preview":"max-image-preview:large","max-video-preview":"max-video-preview:-1"},"canonical":"https:\/\/www.cngute.com\/es\/producto\/gt-a2-series-iso-a-quick-couplings-male-thread\/","og_locale":"es_ES","og_type":"article","og_title":"Male Thread ISO A Couplings | GT-A2 | Industrial & Ag | Gute","og_description":"GT-A2 ISO A Male Thread Quick Couplings: ISO 7241:2023 compliant. Durable, leak-free, push-to-connect. Ideal for industrial, ag, & construction. Quote!","og_url":"https:\/\/www.cngute.com\/es\/producto\/gt-a2-series-iso-a-quick-couplings-male-thread\/","og_site_name":"Ningbo Gute Hydraulic Co.,Ltd.","article_modified_time":"2025-03-08T06:02:03+00:00","og_image":[{"width":800,"height":800,"url":"https:\/\/www.cngute.com\/wp-content\/uploads\/2025\/03\/gta2.webp","type":"image\/webp"}],"twitter_card":"summary_large_image","twitter_misc":{"Tiempo de lectura":"2 minutos"},"schema":{"@context":"https:\/\/schema.org","@graph":[{"@type":"WebPage","@id":"https:\/\/www.cngute.com\/es\/producto\/gt-a2-series-iso-a-quick-couplings-male-thread\/","url":"https:\/\/www.cngute.com\/es\/producto\/gt-a2-series-iso-a-quick-couplings-male-thread\/","name":"Male Thread ISO A Couplings | GT-A2 | Industrial & Ag | Gute","isPartOf":{"@id":"https:\/\/www.cngute.com\/#website"},"primaryImageOfPage":{"@id":"https:\/\/www.cngute.com\/es\/producto\/gt-a2-series-iso-a-quick-couplings-male-thread\/#primaryimage"},"image":{"@id":"https:\/\/www.cngute.com\/es\/producto\/gt-a2-series-iso-a-quick-couplings-male-thread\/#primaryimage"},"thumbnailUrl":"https:\/\/www.cngute.com\/wp-content\/uploads\/2025\/03\/gta2.webp","datePublished":"2025-03-07T14:10:00+00:00","dateModified":"2025-03-08T06:02:03+00:00","description":"GT-A2 ISO A Male Thread Quick Couplings: ISO 7241:2023 compliant. Durable, leak-free, push-to-connect. Ideal for industrial, ag, & construction. Quote!","breadcrumb":{"@id":"https:\/\/www.cngute.com\/es\/producto\/gt-a2-series-iso-a-quick-couplings-male-thread\/#breadcrumb"},"inLanguage":"es","potentialAction":[{"@type":"ReadAction","target":["https:\/\/www.cngute.com\/es\/producto\/gt-a2-series-iso-a-quick-couplings-male-thread\/"]}]},{"@type":"ImageObject","inLanguage":"es","@id":"https:\/\/www.cngute.com\/es\/producto\/gt-a2-series-iso-a-quick-couplings-male-thread\/#primaryimage","url":"https:\/\/www.cngute.com\/wp-content\/uploads\/2025\/03\/gta2.webp","contentUrl":"https:\/\/www.cngute.com\/wp-content\/uploads\/2025\/03\/gta2.webp","width":800,"height":800},{"@type":"BreadcrumbList","@id":"https:\/\/www.cngute.com\/es\/producto\/gt-a2-series-iso-a-quick-couplings-male-thread\/#breadcrumb","itemListElement":[{"@type":"ListItem","position":1,"name":"Home","item":"https:\/\/www.cngute.com\/"},{"@type":"ListItem","position":2,"name":"Our Products","item":"https:\/\/www.cngute.com\/es\/our-products\/"},{"@type":"ListItem","position":3,"name":"GT-A2 Series ISO A Quick Couplings Male Thread"}]},{"@type":"WebSite","@id":"https:\/\/www.cngute.com\/#website","url":"https:\/\/www.cngute.com\/","name":"Ningbo Gute Hidr\u00e1ulico Co.,Ltd.","description":"A leading Manufacturer of quick release couplings","publisher":{"@id":"https:\/\/www.cngute.com\/#organization"},"potentialAction":[{"@type":"SearchAction","target":{"@type":"EntryPoint","urlTemplate":"https:\/\/www.cngute.com\/?s={search_term_string}"},"query-input":{"@type":"PropertyValueSpecification","valueRequired":true,"valueName":"search_term_string"}}],"inLanguage":"es"},{"@type":"Organization","@id":"https:\/\/www.cngute.com\/#organization","name":"Ningbo Gute Hidr\u00e1ulico Co.,Ltd.","url":"https:\/\/www.cngute.com\/","logo":{"@type":"ImageObject","inLanguage":"es","@id":"https:\/\/www.cngute.com\/#\/schema\/logo\/image\/","url":"https:\/\/www.cngute.com\/wp-content\/uploads\/2025\/03\/gute-logo.webp","contentUrl":"https:\/\/www.cngute.com\/wp-content\/uploads\/2025\/03\/gute-logo.webp","width":96,"height":84,"caption":"Ningbo Gute Hydraulic Co.,Ltd."},"image":{"@id":"https:\/\/www.cngute.com\/#\/schema\/logo\/image\/"}}]}},"_links":{"self":[{"href":"https:\/\/www.cngute.com\/es\/wp-json\/wp\/v2\/product\/145","targetHints":{"allow":["GET"]}}],"collection":[{"href":"https:\/\/www.cngute.com\/es\/wp-json\/wp\/v2\/product"}],"about":[{"href":"https:\/\/www.cngute.com\/es\/wp-json\/wp\/v2\/types\/product"}],"wp:featuredmedia":[{"embeddable":true,"href":"https:\/\/www.cngute.com\/es\/wp-json\/wp\/v2\/media\/121"}],"wp:attachment":[{"href":"https:\/\/www.cngute.com\/es\/wp-json\/wp\/v2\/media?parent=145"}],"wp:term":[{"taxonomy":"product_brand","embeddable":true,"href":"https:\/\/www.cngute.com\/es\/wp-json\/wp\/v2\/product_brand?post=145"},{"taxonomy":"product_cat","embeddable":true,"href":"https:\/\/www.cngute.com\/es\/wp-json\/wp\/v2\/product_cat?post=145"},{"taxonomy":"product_tag","embeddable":true,"href":"https:\/\/www.cngute.com\/es\/wp-json\/wp\/v2\/product_tag?post=145"}],"curies":[{"name":"wp","href":"https:\/\/api.w.org\/{rel}","templated":true}]}}