{"id":146,"date":"2025-03-07T14:10:00","date_gmt":"2025-03-07T14:10:00","guid":{"rendered":"https:\/\/dev.cngute.com\/product\/gt-a3-series-iso-a-quick-coupling-female-with-groove\/"},"modified":"2025-03-08T09:45:03","modified_gmt":"2025-03-08T09:45:03","slug":"gt-a3-series-iso-a-quick-coupling-female-with-groove","status":"publish","type":"product","link":"https:\/\/www.cngute.com\/es\/producto\/gt-a3-series-iso-a-quick-coupling-female-with-groove\/","title":{"rendered":"Acoplamiento r\u00e1pido ISO A hembra con ranura, serie GT-A3"},"content":{"rendered":"<h2 data-start=\"393\" data-end=\"459\"><strong data-start=\"397\" data-end=\"457\">GT-A3 Serie \u2013 ISO UNA conexi\u00f3n R\u00e1pida Hembra con Groove)<\/strong><\/h2>\n<h4 data-start=\"461\" data-end=\"484\"><strong data-start=\"466\" data-end=\"482\">Descripci\u00f3n:<\/strong><\/h4>\n<p data-start=\"485\" data-end=\"768\">El <strong data-start=\"489\" data-end=\"547\">GT-A3 Serie ISO UNA conexi\u00f3n R\u00e1pida Hembra con Groove)<\/strong> est\u00e1 dise\u00f1ado para <strong data-start=\"566\" data-end=\"612\">seguro y eficiente de las conexiones hidr\u00e1ulicas<\/strong> en las aplicaciones m\u00e1s exigentes. Compatible con la <strong data-start=\"659\" data-end=\"694\">ISO 7241:2023 Serie Est\u00e1ndar<\/strong>este acoplamiento asegura <strong data-start=\"718\" data-end=\"745\">completa intercambiabilidad<\/strong> con marcas l\u00edderes.<\/p>\n<p data-start=\"770\" data-end=\"1119\">Dise\u00f1ado con un <strong data-start=\"786\" data-end=\"815\">mecanizados de precisi\u00f3n de groove<\/strong>este acoplamiento ofrece <strong data-start=\"838\" data-end=\"873\">agarre mejorado y f\u00e1cil de manipular<\/strong>, haciendo que la instalaci\u00f3n y la eliminaci\u00f3n sin esfuerzo. Construido a partir de <strong data-start=\"936\" data-end=\"996\">de alta resistencia de acero endurecido con tratamiento anti-corrosi\u00f3n de la galjanoplastia<\/strong>el GT-A3 Series ofrece <strong data-start=\"1024\" data-end=\"1077\">excepcional durabilidad y a prueba de fugas de rendimiento<\/strong> en <strong data-start=\"1081\" data-end=\"1116\">hidr\u00e1ulica de alta presi\u00f3n de los sistemas de<\/strong>.<\/p>\n<p data-start=\"1121\" data-end=\"1288\">El <strong data-start=\"1125\" data-end=\"1172\">v\u00e1lvula de disco mecanismo que minimiza la p\u00e9rdida de l\u00edquidos<\/strong>, mientras que el <strong data-start=\"1184\" data-end=\"1214\">endurecido mecanismo de bloqueo<\/strong> asegura <strong data-start=\"1223\" data-end=\"1258\">segura y fiable conexi\u00f3n<\/strong> en el pesado-deber de los entornos.<\/p>\n<h2 data-start=\"1295\" data-end=\"1318\"><strong data-start=\"1299\" data-end=\"1316\">Caracter\u00edsticas Clave:<\/strong><\/h2>\n<p data-start=\"1319\" data-end=\"1827\">\u2705 <strong data-start=\"1321\" data-end=\"1358\">ISO 7241:2023 Serie de Cumplimiento de la<\/strong> \u2013 Asegura la compatibilidad con los l\u00edderes de la industria de los acoplamientos.<br data-start=\"1415\" data-end=\"1418\" \/>\u2705 <strong data-start=\"1420\" data-end=\"1443\">Ranurado Cuerpo De La Mujer<\/strong> \u2013 Permite un f\u00e1cil manejo, seguro de cierre, y mayor agarre.<br data-start=\"1506\" data-end=\"1509\" \/>\u2705 <strong data-start=\"1511\" data-end=\"1535\">Construcci\u00f3n Duradera<\/strong> \u2013 Cuerpo de acero endurecido con tratamiento anti-corrosi\u00f3n de la galjanoplastia.<br data-start=\"1586\" data-end=\"1589\" \/>\u2705 <strong data-start=\"1591\" data-end=\"1609\">Libre De Fugas Del Sello<\/strong> \u2013 Ingenier\u00eda de precisi\u00f3n, v\u00e1lvula de disco minimiza la p\u00e9rdida de l\u00edquidos.<br data-start=\"1667\" data-end=\"1670\" \/>\u2705 <strong data-start=\"1672\" data-end=\"1705\">Empujar-a-Conecta la Funcionalidad<\/strong> \u2013 Permite una r\u00e1pida y segura de acoplamiento.<br data-start=\"1742\" data-end=\"1745\" \/>\u2705 <strong data-start=\"1747\" data-end=\"1776\">De Alta Presi\u00f3n De Rendimiento<\/strong> \u2013 Ideal para las exigentes aplicaciones hidr\u00e1ulicas.<\/p>\n<h2 data-start=\"1834\" data-end=\"1859\"><strong data-start=\"1838\" data-end=\"1857\">Especificaciones:<\/strong><\/h2>\n<ul data-start=\"1860\" data-end=\"2319\">\n<li data-start=\"1860\" data-end=\"1900\"><strong data-start=\"1862\" data-end=\"1875\">Est\u00e1ndar:<\/strong> ISO 7241:2023 Serie a<\/li>\n<li data-start=\"1901\" data-end=\"1947\"><strong data-start=\"1903\" data-end=\"1918\">Los Tama\u00f1os De Cuerpo:<\/strong> 1\/4&#8243;, 3\/8&#8243;, 1\/2&#8243;, 3\/4&#8243;, 1&#8243;<\/li>\n<li data-start=\"1948\" data-end=\"1991\"><strong data-start=\"1950\" data-end=\"1970\">Tipo De Conexi\u00f3n:<\/strong> Empuje Para Conectar<\/li>\n<li data-start=\"1992\" data-end=\"2053\"><strong data-start=\"1994\" data-end=\"2015\">Presi\u00f3n De Trabajo:<\/strong> Hasta <strong data-start=\"2022\" data-end=\"2051\">5000 PSI (var\u00eda seg\u00fan el tama\u00f1o)<\/strong><\/li>\n<li data-start=\"2054\" data-end=\"2121\"><strong data-start=\"2056\" data-end=\"2069\">Material:<\/strong> Acero endurecido (opci\u00f3n de Acero Inoxidable disponible)<\/li>\n<li data-start=\"2122\" data-end=\"2205\"><strong data-start=\"2124\" data-end=\"2142\">Material Del Sello:<\/strong> Nitrilo (NBR), Viton (FPM) para aplicaciones de alta temperatura<\/li>\n<li data-start=\"2206\" data-end=\"2265\"><strong data-start=\"2208\" data-end=\"2230\">Rango De Temperatura:<\/strong> -20\u00b0C a +120\u00b0C (-4\u00b0F a +248\u00b0F)<\/li>\n<li data-start=\"2266\" data-end=\"2319\"><strong data-start=\"2268\" data-end=\"2282\">Tasa De Flujo:<\/strong> Optimizado para la eficiencia hidr\u00e1ulica<\/li>\n<\/ul>\n<h2 data-start=\"2326\" data-end=\"2349\"><strong data-start=\"2330\" data-end=\"2347\">Aplicaciones:<\/strong><\/h2>\n<p data-start=\"2350\" data-end=\"2712\">\ud83d\udd39 <strong data-start=\"2353\" data-end=\"2379\">Equipos Agr\u00edcolas<\/strong> \u2013 Tractores, cosechadoras, pulverizadores<br data-start=\"2412\" data-end=\"2415\" \/>\ud83d\udd39 <strong data-start=\"2418\" data-end=\"2444\">Maquinaria Para La Construcci\u00f3n<\/strong> \u2013 Excavadoras, minicargadoras, cargadoras<br data-start=\"2479\" data-end=\"2482\" \/>\ud83d\udd39 <strong data-start=\"2485\" data-end=\"2510\">Hidr\u00e1ulica Industrial<\/strong> De sistemas de automatizaci\u00f3n de prensas hidr\u00e1ulicas<br data-start=\"2550\" data-end=\"2553\" \/>\ud83d\udd39 <strong data-start=\"2556\" data-end=\"2578\">Industria De Petr\u00f3leo Y Gas<\/strong> \u2013 Herramientas hidr\u00e1ulicas, equipos de perforaci\u00f3n offshore<br data-start=\"2625\" data-end=\"2628\" \/>\ud83d\udd39 <strong data-start=\"2631\" data-end=\"2663\">Manipulaci\u00f3n De Materiales Y La Silvicultura<\/strong> \u2013 Carretillas elevadoras, divisores de registro, de servicio pesado de elevaci\u00f3n<\/p>\n<h2 data-start=\"2719\" data-end=\"2748\"><strong data-start=\"2723\" data-end=\"2746\">Intercambiabilidad:<\/strong><\/h2>\n<p data-start=\"2749\" data-end=\"3012\">El GT-A3 r\u00e1pido de la Serie de acoplamientos <strong data-start=\"2786\" data-end=\"2811\">totalmente intercambiables<\/strong> con otros <strong data-start=\"2823\" data-end=\"2849\">ISO 7241:2023 Serie a<\/strong> acopladores, incluyendo:<br data-start=\"2870\" data-end=\"2873\" \/>\u2714 <strong data-start=\"2875\" data-end=\"2897\">Parker 6600<\/strong><br data-start=\"2897\" data-end=\"2900\" \/>\u2714 <strong data-start=\"2902\" data-end=\"2932\">Eaton Aeroquip Serie 5600<\/strong><br data-start=\"2932\" data-end=\"2935\" \/>\u2714 <strong data-start=\"2937\" data-end=\"2958\">Faster ANV de la Serie<\/strong><br data-start=\"2958\" data-end=\"2961\" \/>\u2714 <strong data-start=\"2963\" data-end=\"2985\">Safeway S56 De La Serie<\/strong><br data-start=\"2985\" data-end=\"2988\" \/>\u2714 <strong data-start=\"2990\" data-end=\"3010\">Stucchi Una Serie<\/strong><\/p>\n<h3 data-start=\"3019\" data-end=\"3053\"><strong data-start=\"3023\" data-end=\"3051\">\u00bfPor qu\u00e9 Elegir GT-A3 Serie?<\/strong><\/h3>\n<p data-start=\"3054\" data-end=\"3337\">\ud83d\udd39 <strong data-start=\"3057\" data-end=\"3102\">ISO 7241:2023 Serie Un Est\u00e1ndar Compatible<\/strong><br data-start=\"3102\" data-end=\"3105\" \/>\ud83d\udd39 <strong data-start=\"3108\" data-end=\"3162\">Ranurado Cuerpo de la Mujer para un F\u00e1cil Manejo y Ajuste Seguro<\/strong><br data-start=\"3162\" data-end=\"3165\" \/>\ud83d\udd39 <strong data-start=\"3168\" data-end=\"3218\">A Prueba de fugas de Rendimiento con Alta Sellos de Calidad<\/strong><br data-start=\"3218\" data-end=\"3221\" \/>\ud83d\udd39 <strong data-start=\"3224\" data-end=\"3273\">Materiales pesados para la Durabilidad a Largo Plazo<\/strong><br data-start=\"3273\" data-end=\"3276\" \/>\ud83d\udd39 <strong data-start=\"3279\" data-end=\"3335\">R\u00e1pida y Eficiente de Conexi\u00f3n para Sistemas Hidr\u00e1ulicos<\/strong><\/p>\n<p data-start=\"3339\" data-end=\"3519\">Para un <strong data-start=\"3345\" data-end=\"3409\">de alta-calidad ISO UN acoplamiento r\u00e1pido con un ranurado cuerpo de la mujer<\/strong>, seleccione el <strong data-start=\"3422\" data-end=\"3438\">GT-A3 Serie<\/strong> \u2013 <strong data-start=\"3441\" data-end=\"3516\">dise\u00f1ado para la durabilidad, el rendimiento y la perfecta intercambiabilidad<\/strong>.<\/p>\n<p data-start=\"3521\" data-end=\"3576\">\ud83d\udce9 <strong data-start=\"3524\" data-end=\"3574\">Hoy en contacto con nosotros para precios y m\u00e1s detalles!<\/strong><\/p>","protected":false},"excerpt":{"rendered":"<p>El <strong data-start=\"33\" data-end=\"91\">GT-A3 Serie ISO UNA conexi\u00f3n R\u00e1pida Hembra con Groove)<\/strong> is designed to meet the <strong data-start=\"116\" data-end=\"151\">ISO 7241:2023 Serie Est\u00e1ndar<\/strong>, ensuring compatibility with major brands. Featuring a <strong data-start=\"207\" data-end=\"291\">grooved body for easy installation, secure locking, and high-pressure durability<\/strong>, this coupling is ideal for <strong data-start=\"320\" data-end=\"383\">agriculture, construction, and industrial hydraulic systems<\/strong>.<\/p>","protected":false},"featured_media":122,"template":"","meta":[],"product_brand":[],"product_cat":[20,19],"product_tag":[],"class_list":{"0":"post-146","1":"product","2":"type-product","3":"status-publish","4":"has-post-thumbnail","6":"product_cat-hydraulic-quick-couplings","7":"product_cat-quick-couplings","9":"first","10":"instock","11":"shipping-taxable","12":"product-type-simple"},"yoast_head":"<!-- This site is optimized with the Yoast SEO plugin v25.5 - https:\/\/yoast.com\/wordpress\/plugins\/seo\/ -->\n<title>GT-A3 ISO A Quick Coupling | Female Groove | Hydraulic | Gute<\/title>\n<meta name=\"description\" content=\"GT-A3 ISO A Female Groove Quick Coupling: ISO 7241:2023 compliant, easy handling, leak-free. Ideal for heavy-duty hydraulic applications. Get a quote\" \/>\n<meta name=\"robots\" content=\"index, follow, max-snippet:-1, max-image-preview:large, max-video-preview:-1\" \/>\n<link rel=\"canonical\" href=\"https:\/\/www.cngute.com\/es\/producto\/gt-a3-series-iso-a-quick-coupling-female-with-groove\/\" \/>\n<meta property=\"og:locale\" content=\"es_ES\" \/>\n<meta property=\"og:type\" content=\"article\" \/>\n<meta property=\"og:title\" content=\"GT-A3 ISO A Quick Coupling | Female Groove | Hydraulic | Gute\" \/>\n<meta property=\"og:description\" content=\"GT-A3 ISO A Female Groove Quick Coupling: ISO 7241:2023 compliant, easy handling, leak-free. Ideal for heavy-duty hydraulic applications. Get a quote\" \/>\n<meta property=\"og:url\" content=\"https:\/\/www.cngute.com\/es\/producto\/gt-a3-series-iso-a-quick-coupling-female-with-groove\/\" \/>\n<meta property=\"og:site_name\" content=\"Ningbo Gute Hydraulic Co.,Ltd.\" \/>\n<meta property=\"article:modified_time\" content=\"2025-03-08T09:45:03+00:00\" \/>\n<meta property=\"og:image\" content=\"https:\/\/www.cngute.com\/wp-content\/uploads\/2025\/03\/gta3.webp\" \/>\n\t<meta property=\"og:image:width\" content=\"800\" \/>\n\t<meta property=\"og:image:height\" content=\"800\" \/>\n\t<meta property=\"og:image:type\" content=\"image\/webp\" \/>\n<meta name=\"twitter:card\" content=\"summary_large_image\" \/>\n<meta name=\"twitter:label1\" content=\"Tiempo de lectura\" \/>\n\t<meta name=\"twitter:data1\" content=\"2 minutos\" \/>\n<script type=\"application\/ld+json\" class=\"yoast-schema-graph\">{\"@context\":\"https:\/\/schema.org\",\"@graph\":[{\"@type\":\"WebPage\",\"@id\":\"https:\/\/www.cngute.com\/es\/producto\/gt-a3-series-iso-a-quick-coupling-female-with-groove\/\",\"url\":\"https:\/\/www.cngute.com\/es\/producto\/gt-a3-series-iso-a-quick-coupling-female-with-groove\/\",\"name\":\"GT-A3 ISO A Quick Coupling | Female Groove | Hydraulic | Gute\",\"isPartOf\":{\"@id\":\"https:\/\/www.cngute.com\/#website\"},\"primaryImageOfPage\":{\"@id\":\"https:\/\/www.cngute.com\/es\/producto\/gt-a3-series-iso-a-quick-coupling-female-with-groove\/#primaryimage\"},\"image\":{\"@id\":\"https:\/\/www.cngute.com\/es\/producto\/gt-a3-series-iso-a-quick-coupling-female-with-groove\/#primaryimage\"},\"thumbnailUrl\":\"https:\/\/www.cngute.com\/wp-content\/uploads\/2025\/03\/gta3.webp\",\"datePublished\":\"2025-03-07T14:10:00+00:00\",\"dateModified\":\"2025-03-08T09:45:03+00:00\",\"description\":\"GT-A3 ISO A Female Groove Quick Coupling: ISO 7241:2023 compliant, easy handling, leak-free. Ideal for heavy-duty hydraulic applications. Get a quote\",\"breadcrumb\":{\"@id\":\"https:\/\/www.cngute.com\/es\/producto\/gt-a3-series-iso-a-quick-coupling-female-with-groove\/#breadcrumb\"},\"inLanguage\":\"es\",\"potentialAction\":[{\"@type\":\"ReadAction\",\"target\":[\"https:\/\/www.cngute.com\/es\/producto\/gt-a3-series-iso-a-quick-coupling-female-with-groove\/\"]}]},{\"@type\":\"ImageObject\",\"inLanguage\":\"es\",\"@id\":\"https:\/\/www.cngute.com\/es\/producto\/gt-a3-series-iso-a-quick-coupling-female-with-groove\/#primaryimage\",\"url\":\"https:\/\/www.cngute.com\/wp-content\/uploads\/2025\/03\/gta3.webp\",\"contentUrl\":\"https:\/\/www.cngute.com\/wp-content\/uploads\/2025\/03\/gta3.webp\",\"width\":800,\"height\":800},{\"@type\":\"BreadcrumbList\",\"@id\":\"https:\/\/www.cngute.com\/es\/producto\/gt-a3-series-iso-a-quick-coupling-female-with-groove\/#breadcrumb\",\"itemListElement\":[{\"@type\":\"ListItem\",\"position\":1,\"name\":\"Home\",\"item\":\"https:\/\/www.cngute.com\/\"},{\"@type\":\"ListItem\",\"position\":2,\"name\":\"Our Products\",\"item\":\"https:\/\/www.cngute.com\/es\/our-products\/\"},{\"@type\":\"ListItem\",\"position\":3,\"name\":\"GT-A3 Series ISO A Quick Coupling Female with Groove\"}]},{\"@type\":\"WebSite\",\"@id\":\"https:\/\/www.cngute.com\/#website\",\"url\":\"https:\/\/www.cngute.com\/\",\"name\":\"Ningbo Gute Hydraulic Co.,Ltd.\",\"description\":\"A leading Manufacturer of quick release couplings\",\"publisher\":{\"@id\":\"https:\/\/www.cngute.com\/#organization\"},\"potentialAction\":[{\"@type\":\"SearchAction\",\"target\":{\"@type\":\"EntryPoint\",\"urlTemplate\":\"https:\/\/www.cngute.com\/?s={search_term_string}\"},\"query-input\":{\"@type\":\"PropertyValueSpecification\",\"valueRequired\":true,\"valueName\":\"search_term_string\"}}],\"inLanguage\":\"es\"},{\"@type\":\"Organization\",\"@id\":\"https:\/\/www.cngute.com\/#organization\",\"name\":\"Ningbo Gute Hydraulic Co.,Ltd.\",\"url\":\"https:\/\/www.cngute.com\/\",\"logo\":{\"@type\":\"ImageObject\",\"inLanguage\":\"es\",\"@id\":\"https:\/\/www.cngute.com\/#\/schema\/logo\/image\/\",\"url\":\"https:\/\/www.cngute.com\/wp-content\/uploads\/2025\/03\/gute-logo.webp\",\"contentUrl\":\"https:\/\/www.cngute.com\/wp-content\/uploads\/2025\/03\/gute-logo.webp\",\"width\":96,\"height\":84,\"caption\":\"Ningbo Gute Hydraulic Co.,Ltd.\"},\"image\":{\"@id\":\"https:\/\/www.cngute.com\/#\/schema\/logo\/image\/\"}}]}<\/script>\n<!-- \/ Yoast SEO plugin. -->","yoast_head_json":{"title":"GT-A3 ISO A Quick Coupling | Female Groove | Hydraulic | Gute","description":"GT-A3 ISO A Female Groove Quick Coupling: ISO 7241:2023 compliant, easy handling, leak-free. Ideal for heavy-duty hydraulic applications. Get a quote","robots":{"index":"index","follow":"follow","max-snippet":"max-snippet:-1","max-image-preview":"max-image-preview:large","max-video-preview":"max-video-preview:-1"},"canonical":"https:\/\/www.cngute.com\/es\/producto\/gt-a3-series-iso-a-quick-coupling-female-with-groove\/","og_locale":"es_ES","og_type":"article","og_title":"GT-A3 ISO A Quick Coupling | Female Groove | Hydraulic | Gute","og_description":"GT-A3 ISO A Female Groove Quick Coupling: ISO 7241:2023 compliant, easy handling, leak-free. Ideal for heavy-duty hydraulic applications. Get a quote","og_url":"https:\/\/www.cngute.com\/es\/producto\/gt-a3-series-iso-a-quick-coupling-female-with-groove\/","og_site_name":"Ningbo Gute Hydraulic Co.,Ltd.","article_modified_time":"2025-03-08T09:45:03+00:00","og_image":[{"width":800,"height":800,"url":"https:\/\/www.cngute.com\/wp-content\/uploads\/2025\/03\/gta3.webp","type":"image\/webp"}],"twitter_card":"summary_large_image","twitter_misc":{"Tiempo de lectura":"2 minutos"},"schema":{"@context":"https:\/\/schema.org","@graph":[{"@type":"WebPage","@id":"https:\/\/www.cngute.com\/es\/producto\/gt-a3-series-iso-a-quick-coupling-female-with-groove\/","url":"https:\/\/www.cngute.com\/es\/producto\/gt-a3-series-iso-a-quick-coupling-female-with-groove\/","name":"GT-A3 ISO A Quick Coupling | Female Groove | Hydraulic | Gute","isPartOf":{"@id":"https:\/\/www.cngute.com\/#website"},"primaryImageOfPage":{"@id":"https:\/\/www.cngute.com\/es\/producto\/gt-a3-series-iso-a-quick-coupling-female-with-groove\/#primaryimage"},"image":{"@id":"https:\/\/www.cngute.com\/es\/producto\/gt-a3-series-iso-a-quick-coupling-female-with-groove\/#primaryimage"},"thumbnailUrl":"https:\/\/www.cngute.com\/wp-content\/uploads\/2025\/03\/gta3.webp","datePublished":"2025-03-07T14:10:00+00:00","dateModified":"2025-03-08T09:45:03+00:00","description":"GT-A3 ISO A Female Groove Quick Coupling: ISO 7241:2023 compliant, easy handling, leak-free. Ideal for heavy-duty hydraulic applications. Get a quote","breadcrumb":{"@id":"https:\/\/www.cngute.com\/es\/producto\/gt-a3-series-iso-a-quick-coupling-female-with-groove\/#breadcrumb"},"inLanguage":"es","potentialAction":[{"@type":"ReadAction","target":["https:\/\/www.cngute.com\/es\/producto\/gt-a3-series-iso-a-quick-coupling-female-with-groove\/"]}]},{"@type":"ImageObject","inLanguage":"es","@id":"https:\/\/www.cngute.com\/es\/producto\/gt-a3-series-iso-a-quick-coupling-female-with-groove\/#primaryimage","url":"https:\/\/www.cngute.com\/wp-content\/uploads\/2025\/03\/gta3.webp","contentUrl":"https:\/\/www.cngute.com\/wp-content\/uploads\/2025\/03\/gta3.webp","width":800,"height":800},{"@type":"BreadcrumbList","@id":"https:\/\/www.cngute.com\/es\/producto\/gt-a3-series-iso-a-quick-coupling-female-with-groove\/#breadcrumb","itemListElement":[{"@type":"ListItem","position":1,"name":"Home","item":"https:\/\/www.cngute.com\/"},{"@type":"ListItem","position":2,"name":"Our Products","item":"https:\/\/www.cngute.com\/es\/our-products\/"},{"@type":"ListItem","position":3,"name":"GT-A3 Series ISO A Quick Coupling Female with Groove"}]},{"@type":"WebSite","@id":"https:\/\/www.cngute.com\/#website","url":"https:\/\/www.cngute.com\/","name":"Ningbo Gute Hidr\u00e1ulico Co.,Ltd.","description":"A leading Manufacturer of quick release couplings","publisher":{"@id":"https:\/\/www.cngute.com\/#organization"},"potentialAction":[{"@type":"SearchAction","target":{"@type":"EntryPoint","urlTemplate":"https:\/\/www.cngute.com\/?s={search_term_string}"},"query-input":{"@type":"PropertyValueSpecification","valueRequired":true,"valueName":"search_term_string"}}],"inLanguage":"es"},{"@type":"Organization","@id":"https:\/\/www.cngute.com\/#organization","name":"Ningbo Gute Hidr\u00e1ulico Co.,Ltd.","url":"https:\/\/www.cngute.com\/","logo":{"@type":"ImageObject","inLanguage":"es","@id":"https:\/\/www.cngute.com\/#\/schema\/logo\/image\/","url":"https:\/\/www.cngute.com\/wp-content\/uploads\/2025\/03\/gute-logo.webp","contentUrl":"https:\/\/www.cngute.com\/wp-content\/uploads\/2025\/03\/gute-logo.webp","width":96,"height":84,"caption":"Ningbo Gute Hydraulic Co.,Ltd."},"image":{"@id":"https:\/\/www.cngute.com\/#\/schema\/logo\/image\/"}}]}},"_links":{"self":[{"href":"https:\/\/www.cngute.com\/es\/wp-json\/wp\/v2\/product\/146","targetHints":{"allow":["GET"]}}],"collection":[{"href":"https:\/\/www.cngute.com\/es\/wp-json\/wp\/v2\/product"}],"about":[{"href":"https:\/\/www.cngute.com\/es\/wp-json\/wp\/v2\/types\/product"}],"wp:featuredmedia":[{"embeddable":true,"href":"https:\/\/www.cngute.com\/es\/wp-json\/wp\/v2\/media\/122"}],"wp:attachment":[{"href":"https:\/\/www.cngute.com\/es\/wp-json\/wp\/v2\/media?parent=146"}],"wp:term":[{"taxonomy":"product_brand","embeddable":true,"href":"https:\/\/www.cngute.com\/es\/wp-json\/wp\/v2\/product_brand?post=146"},{"taxonomy":"product_cat","embeddable":true,"href":"https:\/\/www.cngute.com\/es\/wp-json\/wp\/v2\/product_cat?post=146"},{"taxonomy":"product_tag","embeddable":true,"href":"https:\/\/www.cngute.com\/es\/wp-json\/wp\/v2\/product_tag?post=146"}],"curies":[{"name":"wp","href":"https:\/\/api.w.org\/{rel}","templated":true}]}}