{"id":71,"date":"2025-03-07T12:29:00","date_gmt":"2025-03-07T12:29:00","guid":{"rendered":"https:\/\/dev.cngute.com\/product\/gt-a1-iso-a-quick-couplers\/"},"modified":"2025-03-08T05:52:35","modified_gmt":"2025-03-08T05:52:35","slug":"gt-a1-iso-a-quick-couplers","status":"publish","type":"product","link":"https:\/\/www.cngute.com\/es\/producto\/gt-a1-iso-a-quick-couplers\/","title":{"rendered":"GT-A1 Acopladores r\u00e1pidos ISO A"},"content":{"rendered":"<h3 data-start=\"359\" data-end=\"421\"><strong data-start=\"363\" data-end=\"419\">GT-A1 de la Serie ISO 7241:2023 Serie de Acopladores R\u00e1pidos<\/strong><\/h3>\n<p data-start=\"447\" data-end=\"808\">El <strong data-start=\"451\" data-end=\"488\">GT-A1 de la Serie ISO UN Acopladores R\u00e1pidos<\/strong> est\u00e1n dise\u00f1ados con precisi\u00f3n para satisfacer las \u00faltimas <strong data-start=\"533\" data-end=\"568\">ISO 7241:2023 Serie Est\u00e1ndar<\/strong>, asegurar un alto rendimiento y fiabilidad en aplicaciones exigentes de aplicaciones hidr\u00e1ulicas. Estos acopladores son <strong data-start=\"668\" data-end=\"738\">ampliamente utilizado en la construcci\u00f3n, la agricultura, y maquinaria industrial<\/strong>, proporcionando <strong data-start=\"750\" data-end=\"805\">seguro, libre de fugas y conexiones para sistemas hidr\u00e1ulicos<\/strong>.<\/p>\n<p data-start=\"810\" data-end=\"1107\">Con <strong data-start=\"820\" data-end=\"849\">endurecido los componentes de la v\u00e1lvula<\/strong> para una mayor durabilidad y <strong data-start=\"869\" data-end=\"901\">una s\u00f3lida bola de mecanismo de bloqueo<\/strong> para asegurar el acoplamiento, el GT-A1 Serie ofrece <strong data-start=\"947\" data-end=\"1002\">un rendimiento superior en condiciones de alta presi\u00f3n, condiciones<\/strong>. Dise\u00f1ado para <strong data-start=\"1017\" data-end=\"1044\">f\u00e1cil operaci\u00f3n con una sola mano<\/strong>, que asegurar la r\u00e1pida y libre de problemas de conexiones en el campo.<\/p>\n<h3 data-start=\"1114\" data-end=\"1137\"><strong data-start=\"1118\" data-end=\"1135\">Caracter\u00edsticas Clave:<\/strong><\/h3>\n<p data-start=\"1138\" data-end=\"1693\">\u2705 <strong data-start=\"1140\" data-end=\"1177\">ISO 7241:2023 Serie de Cumplimiento de la<\/strong> \u2013 Se asegura un est\u00e1ndar de la industria, el rendimiento y la capacidad de intercambio.<br data-start=\"1241\" data-end=\"1244\" \/>\u2705 <strong data-start=\"1246\" data-end=\"1272\">Materiales De Alta Calidad<\/strong> \u2013 Endurecido acero con cromado resistente a la corrosi\u00f3n para mayor vida \u00fatil.<br data-start=\"1345\" data-end=\"1348\" \/>\u2705 <strong data-start=\"1350\" data-end=\"1382\">Fiable Bola-Mecanismo De Bloqueo<\/strong> \u2013 Proporciona seguro y libre de fugas y conexiones.<br data-start=\"1427\" data-end=\"1430\" \/>\u2705 <strong data-start=\"1432\" data-end=\"1466\">F\u00e1cil de Empujar-a-Conecta la Operaci\u00f3n<\/strong> \u2013 Permite una r\u00e1pida con una sola mano, el acoplamiento y desacoplamiento.<br data-start=\"1515\" data-end=\"1518\" \/>\u2705 <strong data-start=\"1520\" data-end=\"1550\">Sellado De La V\u00e1lvula De La V\u00e1lvula De Dise\u00f1o<\/strong> \u2013 Minimiza la p\u00e9rdida de l\u00edquidos y evita la contaminaci\u00f3n.<br data-start=\"1601\" data-end=\"1604\" \/>\u2705 <strong data-start=\"1606\" data-end=\"1635\">De Alta Presi\u00f3n De Rendimiento<\/strong> \u2013 Dise\u00f1ado para soportar las exigentes condiciones hidr\u00e1ulicas.<\/p>\n<h3 data-start=\"1700\" data-end=\"1725\"><strong data-start=\"1704\" data-end=\"1723\">Especificaciones:<\/strong><\/h3>\n<ul data-start=\"1726\" data-end=\"2207\">\n<li data-start=\"1726\" data-end=\"1766\"><strong data-start=\"1728\" data-end=\"1741\">Est\u00e1ndar:<\/strong> ISO 7241:2023 Serie a<\/li>\n<li data-start=\"1767\" data-end=\"1813\"><strong data-start=\"1769\" data-end=\"1784\">Los Tama\u00f1os De Cuerpo:<\/strong> 1\/4&#034;, 3\/8&#034;, 1\/2&#034;, 3\/4&#034;, 1&#034;, 1-1\/4&#034;, 1-1\/2&#034; y 2&#034;<\/li>\n<li data-start=\"1814\" data-end=\"1859\"><strong data-start=\"1816\" data-end=\"1835\">Hilo Opciones:<\/strong> NPT, G, BSPT, ORFS<\/li>\n<li data-start=\"1860\" data-end=\"1924\"><strong data-start=\"1862\" data-end=\"1883\">Presi\u00f3n De Trabajo:<\/strong> Hasta <strong data-start=\"1890\" data-end=\"1922\">5000 PSI (dependiendo del tama\u00f1o)<\/strong><\/li>\n<li data-start=\"1925\" data-end=\"1985\"><strong data-start=\"1927\" data-end=\"1940\">Material:<\/strong> De Acero Endurecido, <strong>De Acero Inoxidable<\/strong> Opci\u00f3n<\/li>\n<li data-start=\"1986\" data-end=\"2079\"><strong data-start=\"1988\" data-end=\"2006\">Material Del Sello:<\/strong> Nitrilo (NBR), Viton (FPM) disponible para aplicaciones de alta temperatura<\/li>\n<li data-start=\"2080\" data-end=\"2139\"><strong data-start=\"2082\" data-end=\"2104\">Rango De Temperatura:<\/strong> -20\u00b0C a +120\u00b0C (-4\u00b0F a +248\u00b0F)<\/li>\n<li data-start=\"2140\" data-end=\"2207\"><strong data-start=\"2142\" data-end=\"2156\">Tasa De Flujo:<\/strong> Optimizado para la eficiencia hidr\u00e1ulica del fluido de transferencia de<\/li>\n<\/ul>\n<h3 data-start=\"2214\" data-end=\"2237\"><strong data-start=\"2218\" data-end=\"2235\">Aplicaciones:<\/strong><\/h3>\n<p data-start=\"2238\" data-end=\"2593\">\ud83d\udd39 <strong data-start=\"2241\" data-end=\"2267\">Equipos Agr\u00edcolas<\/strong> \u2013 Tractores, cargadoras, cosechadoras<br data-start=\"2299\" data-end=\"2302\" \/>\ud83d\udd39 <strong data-start=\"2305\" data-end=\"2331\">Maquinaria Para La Construcci\u00f3n<\/strong> \u2013 Excavadoras, minicargadoras, retroexcavadoras<br data-start=\"2367\" data-end=\"2370\" \/>\ud83d\udd39 <strong data-start=\"2373\" data-end=\"2398\">Hidr\u00e1ulica Industrial<\/strong> \u2013 Prensas, sistemas de automatizaci\u00f3n, unidades de potencia hidr\u00e1ulica<br data-start=\"2451\" data-end=\"2454\" \/>\ud83d\udd39 <strong data-start=\"2457\" data-end=\"2480\">Equipos De Petr\u00f3leo Y Gas<\/strong> \u2013 Herramientas hidr\u00e1ulicas, plataformas de perforaci\u00f3n<br data-start=\"2513\" data-end=\"2516\" \/>\ud83d\udd39 <strong data-start=\"2519\" data-end=\"2551\">Silvicultura Y Manejo De Material<\/strong> \u2013 Divisores de registro, carretillas elevadoras, carretillas elevadoras<\/p>\n<h3 data-start=\"2600\" data-end=\"2629\"><strong data-start=\"2604\" data-end=\"2627\">Intercambiabilidad:<\/strong><\/h3>\n<p data-start=\"2630\" data-end=\"2896\">El GT-A1 Serie de acopladores son <strong data-start=\"2660\" data-end=\"2705\">totalmente intercambiables con las principales marcas<\/strong> que cumplan con el <strong data-start=\"2727\" data-end=\"2762\">ISO 7241:2023 Serie Est\u00e1ndar<\/strong>, incluyendo:<br data-start=\"2774\" data-end=\"2777\" \/>\u2714 Parker 6600<br data-start=\"2797\" data-end=\"2800\" \/>\u2714 Eaton Aeroquip Serie 5600<br data-start=\"2828\" data-end=\"2831\" \/>\u2714 M\u00e1s r\u00e1pido ANV de la Serie<br data-start=\"2850\" data-end=\"2853\" \/>\u2714 Safeway S56 De La Serie<br data-start=\"2873\" data-end=\"2876\" \/>\u2714 Stucchi Una Serie<\/p>\n<h3 data-start=\"2903\" data-end=\"2937\"><strong data-start=\"2907\" data-end=\"2935\">\u00bfPor qu\u00e9 Elegir GT-A1 de la Serie?<\/strong><\/h3>\n<p data-start=\"2938\" data-end=\"3199\">\ud83d\udd39 <strong data-start=\"2941\" data-end=\"2987\">Fiable ISO 7241:2023 Cumplimiento de la Norma<\/strong><br data-start=\"2987\" data-end=\"2990\" \/>\ud83d\udd39 <strong data-start=\"2993\" data-end=\"3034\">Libre De Fugas Y De Alta-Presi\u00f3n De Rendimiento<\/strong><br data-start=\"3034\" data-end=\"3037\" \/>\ud83d\udd39 <strong data-start=\"3040\" data-end=\"3085\">Materiales de alta resistencia para un Uso de Larga Duraci\u00f3n<\/strong><br data-start=\"3085\" data-end=\"3088\" \/>\ud83d\udd39 <strong data-start=\"3091\" data-end=\"3142\">Amplia Compatibilidad con los Principales Sistemas Hidr\u00e1ulicos<\/strong><br data-start=\"3142\" data-end=\"3145\" \/>\ud83d\udd39 <strong data-start=\"3148\" data-end=\"3197\">R\u00e1pido, F\u00e1cil Operaci\u00f3n para el Aumento de la Eficiencia<\/strong><\/p>\n<p data-start=\"3201\" data-end=\"3352\">Para el alto rendimiento <strong data-start=\"3222\" data-end=\"3246\">ISO UN acopladores r\u00e1pidos<\/strong>, seleccione el <strong data-start=\"3259\" data-end=\"3275\">GT-A1 Serie<\/strong> \u2013 dise\u00f1ado para la durabilidad, la fiabilidad y la perfecta intercambiabilidad.<\/p>\n<p data-start=\"3354\" data-end=\"3412\">\ud83d\udce9 <strong data-start=\"3357\" data-end=\"3410\">P\u00f3ngase en contacto con nosotros hoy para una cotizaci\u00f3n o m\u00e1s informaci\u00f3n!<\/strong><\/p>\n<table class=\"gt-table\" style=\"border-collapse: collapse; width: 100%;\" border=\"1\">\n<tbody>\n<tr>\n<td style=\"width: 21.4829%; text-align: center;\">El Tama\u00f1o del cuerpo(en)<\/td>\n<td style=\"width: 9.88593%; text-align: center;\">1\/4<\/td>\n<td style=\"width: 9.88593%; text-align: center;\">3\/8<\/td>\n<td style=\"width: 9.88593%; text-align: center;\">1\/2<\/td>\n<td style=\"width: 9.88593%; text-align: center;\">3\/4<\/td>\n<td style=\"width: 9.88593%; text-align: center;\">1<\/td>\n<td style=\"width: 9.88593%; text-align: center;\">1-1\/4<\/td>\n<td style=\"width: 9.88593%; text-align: center;\">1-1\/2<\/td>\n<td style=\"width: 9.31559%; text-align: center;\">2<\/td>\n<\/tr>\n<tr>\n<td style=\"width: 21.4829%; text-align: center;\">C\u00f3digo<\/td>\n<td style=\"width: 9.88593%; text-align: center;\">02<\/td>\n<td style=\"width: 9.88593%; text-align: center;\">03<\/td>\n<td style=\"width: 9.88593%; text-align: center;\">04<\/td>\n<td style=\"width: 9.88593%; text-align: center;\">06<\/td>\n<td style=\"width: 9.88593%; text-align: center;\">08<\/td>\n<td style=\"width: 9.88593%; text-align: center;\">10<\/td>\n<td style=\"width: 9.88593%; text-align: center;\">12<\/td>\n<td style=\"width: 9.31559%; text-align: center;\">16<\/td>\n<\/tr>\n<tr>\n<td style=\"width: 21.4829%; text-align: center;\">Presi\u00f3n Nominal(Mpa)<\/td>\n<td style=\"width: 9.88593%; text-align: center;\"><\/td>\n<td style=\"width: 9.88593%; text-align: center;\"><\/td>\n<td style=\"width: 9.88593%; text-align: center;\"><\/td>\n<td style=\"width: 9.88593%; text-align: center;\"><\/td>\n<td style=\"width: 9.88593%; text-align: center;\"><\/td>\n<td style=\"width: 9.88593%; text-align: center;\"><\/td>\n<td style=\"width: 9.88593%; text-align: center;\"><\/td>\n<td style=\"width: 9.31559%; text-align: center;\"><\/td>\n<\/tr>\n<tr>\n<td style=\"width: 21.4829%; text-align: center;\">De acero<\/td>\n<td style=\"width: 9.88593%; text-align: center;\">34.5<\/td>\n<td style=\"width: 9.88593%; text-align: center;\">27.6<\/td>\n<td style=\"width: 9.88593%; text-align: center;\">27.6<\/td>\n<td style=\"width: 9.88593%; text-align: center;\">20.7<\/td>\n<td style=\"width: 9.88593%; text-align: center;\">20.7<\/td>\n<td style=\"width: 9.88593%; text-align: center;\">20.7<\/td>\n<td style=\"width: 9.88593%; text-align: center;\">13.8<\/td>\n<td style=\"width: 9.31559%; text-align: center;\">13.7<\/td>\n<\/tr>\n<tr>\n<td style=\"width: 21.4829%; text-align: center;\">Stainess Steel316<\/td>\n<td style=\"width: 9.88593%; text-align: center;\">13.8<\/td>\n<td style=\"width: 9.88593%; text-align: center;\">13.8<\/td>\n<td style=\"width: 9.88593%; text-align: center;\">10.4<\/td>\n<td style=\"width: 9.88593%; text-align: center;\">10.4<\/td>\n<td style=\"width: 9.88593%; text-align: center;\">7<\/td>\n<td style=\"width: 9.88593%; text-align: center;\">7<\/td>\n<td style=\"width: 9.88593%; text-align: center;\">7<\/td>\n<td style=\"width: 9.31559%; text-align: center;\">7<\/td>\n<\/tr>\n<tr>\n<td style=\"width: 21.4829%; text-align: center;\">Lat\u00f3n<\/td>\n<td style=\"width: 9.88593%; text-align: center;\">7<\/td>\n<td style=\"width: 9.88593%; text-align: center;\">7<\/td>\n<td style=\"width: 9.88593%; text-align: center;\">7<\/td>\n<td style=\"width: 9.88593%; text-align: center;\">7<\/td>\n<td style=\"width: 9.88593%; text-align: center;\">7<\/td>\n<td style=\"width: 9.88593%; text-align: center;\">7<\/td>\n<td style=\"width: 9.88593%; text-align: center;\">7<\/td>\n<td style=\"width: 9.31559%; text-align: center;\">7<\/td>\n<\/tr>\n<tr>\n<td style=\"width: 21.4829%; text-align: center;\">Caudal nominal(L\/min)<\/td>\n<td style=\"width: 9.88593%; text-align: center;\">11.5<\/td>\n<td style=\"width: 9.88593%; text-align: center;\">23<\/td>\n<td style=\"width: 9.88593%; text-align: center;\">45.5<\/td>\n<td style=\"width: 9.88593%; text-align: center;\">106<\/td>\n<td style=\"width: 9.88593%; text-align: center;\">190<\/td>\n<td style=\"width: 9.88593%; text-align: center;\">330<\/td>\n<td style=\"width: 9.88593%; text-align: center;\">830<\/td>\n<td style=\"width: 9.31559%; text-align: center;\">900<\/td>\n<\/tr>\n<tr>\n<td style=\"width: 21.4829%; text-align: center;\">Rango de temperatura(NBR)<\/td>\n<td style=\"width: 78.5171%; text-align: center;\" colspan=\"8\">-20\u2103 ~ +100\u2103<\/td>\n<\/tr>\n<tr>\n<td style=\"width: 21.4829%; text-align: center;\">Rango de temperatura(FKM)<\/td>\n<td style=\"width: 78.5171%; text-align: center;\" colspan=\"8\">-20\u2103 ~ +180\u2103<\/td>\n<\/tr>\n<\/tbody>\n<\/table>","protected":false},"excerpt":{"rendered":"<p>GT-A1 Series ISO A Quick Couplers are designed to meet the <strong data-start=\"88\" data-end=\"123\">ISO 7241:2023 Serie Est\u00e1ndar<\/strong>, ensuring reliable performance in hydraulic applications. Built for <strong data-start=\"192\" data-end=\"266\">durability, leak-free operation, and compatibility with leading brands<\/strong>, these couplers are ideal for industrial, construction, and agricultural machinery.<\/p>","protected":false},"featured_media":72,"template":"","meta":[],"product_brand":[],"product_cat":[20,19],"product_tag":[],"class_list":{"0":"post-71","1":"product","2":"type-product","3":"status-publish","4":"has-post-thumbnail","6":"product_cat-hydraulic-quick-couplings","7":"product_cat-quick-couplings","8":"pa_applications-agricultural-equipment","9":"pa_applications-construction-engineering","10":"pa_applications-metallurgy-manufacturing","11":"pa_applications-oil-gas","13":"first","14":"instock","15":"shipping-taxable","16":"product-type-simple"},"yoast_head":"<!-- This site is optimized with the Yoast SEO plugin v25.5 - https:\/\/yoast.com\/wordpress\/plugins\/seo\/ -->\n<title>Hydraulic ISO A Quick Couplers | GT-A1 | Industrial &amp; Ag | Gute<\/title>\n<meta name=\"description\" content=\"GT-A1 ISO A Quick Couplers meet ISO 7241:2023. Durable, leak-free hydraulic couplers for industrial, construction, &amp; agricultural use. High-pressure, reliable.\" \/>\n<meta name=\"robots\" content=\"index, follow, max-snippet:-1, max-image-preview:large, max-video-preview:-1\" \/>\n<link rel=\"canonical\" href=\"https:\/\/www.cngute.com\/es\/producto\/gt-a1-iso-a-quick-couplers\/\" \/>\n<meta property=\"og:locale\" content=\"es_ES\" \/>\n<meta property=\"og:type\" content=\"article\" \/>\n<meta property=\"og:title\" content=\"Hydraulic ISO A Quick Couplers | GT-A1 | Industrial &amp; Ag | Gute\" \/>\n<meta property=\"og:description\" content=\"GT-A1 ISO A Quick Couplers meet ISO 7241:2023. Durable, leak-free hydraulic couplers for industrial, construction, &amp; agricultural use. High-pressure, reliable.\" \/>\n<meta property=\"og:url\" content=\"https:\/\/www.cngute.com\/es\/producto\/gt-a1-iso-a-quick-couplers\/\" \/>\n<meta property=\"og:site_name\" content=\"Ningbo Gute Hydraulic Co.,Ltd.\" \/>\n<meta property=\"article:modified_time\" content=\"2025-03-08T05:52:35+00:00\" \/>\n<meta property=\"og:image\" content=\"https:\/\/www.cngute.com\/wp-content\/uploads\/2025\/03\/gt-a1.webp\" \/>\n\t<meta property=\"og:image:width\" content=\"800\" \/>\n\t<meta property=\"og:image:height\" content=\"800\" \/>\n\t<meta property=\"og:image:type\" content=\"image\/webp\" \/>\n<meta name=\"twitter:card\" content=\"summary_large_image\" \/>\n<meta name=\"twitter:label1\" content=\"Tiempo de lectura\" \/>\n\t<meta name=\"twitter:data1\" content=\"3 minutos\" \/>\n<script type=\"application\/ld+json\" class=\"yoast-schema-graph\">{\"@context\":\"https:\/\/schema.org\",\"@graph\":[{\"@type\":\"WebPage\",\"@id\":\"https:\/\/www.cngute.com\/es\/producto\/gt-a1-iso-a-quick-couplers\/\",\"url\":\"https:\/\/www.cngute.com\/es\/producto\/gt-a1-iso-a-quick-couplers\/\",\"name\":\"Hydraulic ISO A Quick Couplers | GT-A1 | Industrial & Ag | Gute\",\"isPartOf\":{\"@id\":\"https:\/\/www.cngute.com\/#website\"},\"primaryImageOfPage\":{\"@id\":\"https:\/\/www.cngute.com\/es\/producto\/gt-a1-iso-a-quick-couplers\/#primaryimage\"},\"image\":{\"@id\":\"https:\/\/www.cngute.com\/es\/producto\/gt-a1-iso-a-quick-couplers\/#primaryimage\"},\"thumbnailUrl\":\"https:\/\/www.cngute.com\/wp-content\/uploads\/2025\/03\/gt-a1.webp\",\"datePublished\":\"2025-03-07T12:29:00+00:00\",\"dateModified\":\"2025-03-08T05:52:35+00:00\",\"description\":\"GT-A1 ISO A Quick Couplers meet ISO 7241:2023. Durable, leak-free hydraulic couplers for industrial, construction, & agricultural use. High-pressure, reliable.\",\"breadcrumb\":{\"@id\":\"https:\/\/www.cngute.com\/es\/producto\/gt-a1-iso-a-quick-couplers\/#breadcrumb\"},\"inLanguage\":\"es\",\"potentialAction\":[{\"@type\":\"ReadAction\",\"target\":[\"https:\/\/www.cngute.com\/es\/producto\/gt-a1-iso-a-quick-couplers\/\"]}]},{\"@type\":\"ImageObject\",\"inLanguage\":\"es\",\"@id\":\"https:\/\/www.cngute.com\/es\/producto\/gt-a1-iso-a-quick-couplers\/#primaryimage\",\"url\":\"https:\/\/www.cngute.com\/wp-content\/uploads\/2025\/03\/gt-a1.webp\",\"contentUrl\":\"https:\/\/www.cngute.com\/wp-content\/uploads\/2025\/03\/gt-a1.webp\",\"width\":800,\"height\":800,\"caption\":\"GT-A1 ISO A Quick Couplings\"},{\"@type\":\"BreadcrumbList\",\"@id\":\"https:\/\/www.cngute.com\/es\/producto\/gt-a1-iso-a-quick-couplers\/#breadcrumb\",\"itemListElement\":[{\"@type\":\"ListItem\",\"position\":1,\"name\":\"Home\",\"item\":\"https:\/\/www.cngute.com\/\"},{\"@type\":\"ListItem\",\"position\":2,\"name\":\"Our Products\",\"item\":\"https:\/\/www.cngute.com\/es\/our-products\/\"},{\"@type\":\"ListItem\",\"position\":3,\"name\":\"GT-A1 ISO A Quick Couplers\"}]},{\"@type\":\"WebSite\",\"@id\":\"https:\/\/www.cngute.com\/#website\",\"url\":\"https:\/\/www.cngute.com\/\",\"name\":\"Ningbo Gute Hydraulic Co.,Ltd.\",\"description\":\"A leading Manufacturer of quick release couplings\",\"publisher\":{\"@id\":\"https:\/\/www.cngute.com\/#organization\"},\"potentialAction\":[{\"@type\":\"SearchAction\",\"target\":{\"@type\":\"EntryPoint\",\"urlTemplate\":\"https:\/\/www.cngute.com\/?s={search_term_string}\"},\"query-input\":{\"@type\":\"PropertyValueSpecification\",\"valueRequired\":true,\"valueName\":\"search_term_string\"}}],\"inLanguage\":\"es\"},{\"@type\":\"Organization\",\"@id\":\"https:\/\/www.cngute.com\/#organization\",\"name\":\"Ningbo Gute Hydraulic Co.,Ltd.\",\"url\":\"https:\/\/www.cngute.com\/\",\"logo\":{\"@type\":\"ImageObject\",\"inLanguage\":\"es\",\"@id\":\"https:\/\/www.cngute.com\/#\/schema\/logo\/image\/\",\"url\":\"https:\/\/www.cngute.com\/wp-content\/uploads\/2025\/03\/gute-logo.webp\",\"contentUrl\":\"https:\/\/www.cngute.com\/wp-content\/uploads\/2025\/03\/gute-logo.webp\",\"width\":96,\"height\":84,\"caption\":\"Ningbo Gute Hydraulic Co.,Ltd.\"},\"image\":{\"@id\":\"https:\/\/www.cngute.com\/#\/schema\/logo\/image\/\"}}]}<\/script>\n<!-- \/ Yoast SEO plugin. -->","yoast_head_json":{"title":"Hydraulic ISO A Quick Couplers | GT-A1 | Industrial & Ag | Gute","description":"GT-A1 ISO A Quick Couplers meet ISO 7241:2023. Durable, leak-free hydraulic couplers for industrial, construction, & agricultural use. High-pressure, reliable.","robots":{"index":"index","follow":"follow","max-snippet":"max-snippet:-1","max-image-preview":"max-image-preview:large","max-video-preview":"max-video-preview:-1"},"canonical":"https:\/\/www.cngute.com\/es\/producto\/gt-a1-iso-a-quick-couplers\/","og_locale":"es_ES","og_type":"article","og_title":"Hydraulic ISO A Quick Couplers | GT-A1 | Industrial & Ag | Gute","og_description":"GT-A1 ISO A Quick Couplers meet ISO 7241:2023. Durable, leak-free hydraulic couplers for industrial, construction, & agricultural use. High-pressure, reliable.","og_url":"https:\/\/www.cngute.com\/es\/producto\/gt-a1-iso-a-quick-couplers\/","og_site_name":"Ningbo Gute Hydraulic Co.,Ltd.","article_modified_time":"2025-03-08T05:52:35+00:00","og_image":[{"width":800,"height":800,"url":"https:\/\/www.cngute.com\/wp-content\/uploads\/2025\/03\/gt-a1.webp","type":"image\/webp"}],"twitter_card":"summary_large_image","twitter_misc":{"Tiempo de lectura":"3 minutos"},"schema":{"@context":"https:\/\/schema.org","@graph":[{"@type":"WebPage","@id":"https:\/\/www.cngute.com\/es\/producto\/gt-a1-iso-a-quick-couplers\/","url":"https:\/\/www.cngute.com\/es\/producto\/gt-a1-iso-a-quick-couplers\/","name":"Hydraulic ISO A Quick Couplers | GT-A1 | Industrial & Ag | Gute","isPartOf":{"@id":"https:\/\/www.cngute.com\/#website"},"primaryImageOfPage":{"@id":"https:\/\/www.cngute.com\/es\/producto\/gt-a1-iso-a-quick-couplers\/#primaryimage"},"image":{"@id":"https:\/\/www.cngute.com\/es\/producto\/gt-a1-iso-a-quick-couplers\/#primaryimage"},"thumbnailUrl":"https:\/\/www.cngute.com\/wp-content\/uploads\/2025\/03\/gt-a1.webp","datePublished":"2025-03-07T12:29:00+00:00","dateModified":"2025-03-08T05:52:35+00:00","description":"GT-A1 ISO A Quick Couplers meet ISO 7241:2023. Durable, leak-free hydraulic couplers for industrial, construction, & agricultural use. High-pressure, reliable.","breadcrumb":{"@id":"https:\/\/www.cngute.com\/es\/producto\/gt-a1-iso-a-quick-couplers\/#breadcrumb"},"inLanguage":"es","potentialAction":[{"@type":"ReadAction","target":["https:\/\/www.cngute.com\/es\/producto\/gt-a1-iso-a-quick-couplers\/"]}]},{"@type":"ImageObject","inLanguage":"es","@id":"https:\/\/www.cngute.com\/es\/producto\/gt-a1-iso-a-quick-couplers\/#primaryimage","url":"https:\/\/www.cngute.com\/wp-content\/uploads\/2025\/03\/gt-a1.webp","contentUrl":"https:\/\/www.cngute.com\/wp-content\/uploads\/2025\/03\/gt-a1.webp","width":800,"height":800,"caption":"GT-A1 ISO A Quick Couplings"},{"@type":"BreadcrumbList","@id":"https:\/\/www.cngute.com\/es\/producto\/gt-a1-iso-a-quick-couplers\/#breadcrumb","itemListElement":[{"@type":"ListItem","position":1,"name":"Home","item":"https:\/\/www.cngute.com\/"},{"@type":"ListItem","position":2,"name":"Our Products","item":"https:\/\/www.cngute.com\/es\/our-products\/"},{"@type":"ListItem","position":3,"name":"GT-A1 ISO A Quick Couplers"}]},{"@type":"WebSite","@id":"https:\/\/www.cngute.com\/#website","url":"https:\/\/www.cngute.com\/","name":"Ningbo Gute Hidr\u00e1ulico Co.,Ltd.","description":"A leading Manufacturer of quick release couplings","publisher":{"@id":"https:\/\/www.cngute.com\/#organization"},"potentialAction":[{"@type":"SearchAction","target":{"@type":"EntryPoint","urlTemplate":"https:\/\/www.cngute.com\/?s={search_term_string}"},"query-input":{"@type":"PropertyValueSpecification","valueRequired":true,"valueName":"search_term_string"}}],"inLanguage":"es"},{"@type":"Organization","@id":"https:\/\/www.cngute.com\/#organization","name":"Ningbo Gute Hidr\u00e1ulico Co.,Ltd.","url":"https:\/\/www.cngute.com\/","logo":{"@type":"ImageObject","inLanguage":"es","@id":"https:\/\/www.cngute.com\/#\/schema\/logo\/image\/","url":"https:\/\/www.cngute.com\/wp-content\/uploads\/2025\/03\/gute-logo.webp","contentUrl":"https:\/\/www.cngute.com\/wp-content\/uploads\/2025\/03\/gute-logo.webp","width":96,"height":84,"caption":"Ningbo Gute Hydraulic Co.,Ltd."},"image":{"@id":"https:\/\/www.cngute.com\/#\/schema\/logo\/image\/"}}]}},"_links":{"self":[{"href":"https:\/\/www.cngute.com\/es\/wp-json\/wp\/v2\/product\/71","targetHints":{"allow":["GET"]}}],"collection":[{"href":"https:\/\/www.cngute.com\/es\/wp-json\/wp\/v2\/product"}],"about":[{"href":"https:\/\/www.cngute.com\/es\/wp-json\/wp\/v2\/types\/product"}],"wp:featuredmedia":[{"embeddable":true,"href":"https:\/\/www.cngute.com\/es\/wp-json\/wp\/v2\/media\/72"}],"wp:attachment":[{"href":"https:\/\/www.cngute.com\/es\/wp-json\/wp\/v2\/media?parent=71"}],"wp:term":[{"taxonomy":"product_brand","embeddable":true,"href":"https:\/\/www.cngute.com\/es\/wp-json\/wp\/v2\/product_brand?post=71"},{"taxonomy":"product_cat","embeddable":true,"href":"https:\/\/www.cngute.com\/es\/wp-json\/wp\/v2\/product_cat?post=71"},{"taxonomy":"product_tag","embeddable":true,"href":"https:\/\/www.cngute.com\/es\/wp-json\/wp\/v2\/product_tag?post=71"}],"curies":[{"name":"wp","href":"https:\/\/api.w.org\/{rel}","templated":true}]}}